{"id":3,"date":"2021-12-08T14:59:08","date_gmt":"2021-12-08T14:59:08","guid":{"rendered":"https:\/\/www.cjf.lu\/?page_id=3"},"modified":"2023-04-24T12:28:13","modified_gmt":"2023-04-24T12:28:13","slug":"privacy-policy","status":"publish","type":"page","link":"https:\/\/www.cjf.lu\/?page_id=3","title":{"rendered":"Mentions l\u00e9gales"},"content":{"rendered":"\n<h2 class=\"wp-block-heading\"><strong>\u00c9diteur du site Internet<\/strong><\/h2>\n\n\n\n<p><\/p>\n\n\n\n<p>Caritas Jeunes et Familles asbl<br>64 rue Charles Martel<br>L-2134 Luxembourg<\/p>\n\n\n\n<p>T\u00e9l.&nbsp;: (+352) 265653-1<\/p>\n\n\n\n<p>E-mail&nbsp;:&nbsp;<a href=\"mailto:contact@cjf.lu\">contact@cjf.lu<\/a> <\/p>\n\n\n\n<p>Ce site est h\u00e9berg\u00e9 par CBC Informatique,&nbsp;soci\u00e9t\u00e9 de droit luxembourgeois, domicili\u00e9e&nbsp;9, Zone Op Zaemer, L-4959 Bascharage<\/p>\n\n\n\n<h2 class=\"wp-block-heading\"><strong>Sources d\u2019images<\/strong><\/h2>\n\n\n\n<p>\u00a9Caritas Jeunes et Familles a.s.b.l.<br>Photographe \u2013 Flavio Da Costa \u2013 <a href=\"http:\/\/fcom.lu\" data-type=\"URL\" data-id=\"http:\/\/fcom.lu\">F. Communications s\u00e0rl<\/a><br>Photo libres de droits issues de&nbsp;<a href=\"https:\/\/unsplash.com\/\">https:\/\/unsplash.com\/<\/a><\/p>\n\n\n\n<h2 class=\"wp-block-heading\"><strong>Droits d\u2019auteur<\/strong><\/h2>\n\n\n\n<p>Droits d\u2019auteur sur le site Internet \u00a9 2023 Caritas Jeunes et Familles asbl. Tous droits r\u00e9serv\u00e9s.<\/p>\n\n\n\n<p>Tous les textes, images, graphiques ainsi que la conception et la mise en page de ce site Internet&nbsp;sont soumis \u00e0 un droit d\u2019auteur&nbsp;mondial. La reproduction, l\u2019\u00e9dition, la divulgation, la diffusion ou toute autre forme d\u2019utilisation ou d\u2019exploitation non autoris\u00e9e d\u2019un contenu sp\u00e9cifique ou de pages compl\u00e8tes est passible de poursuites en vertu des lois civiles et p\u00e9nales.<\/p>\n\n\n\n<h2 class=\"wp-block-heading\"><strong>Responsabilit\u00e9 de l\u2019utilisateur du site<\/strong><\/h2>\n\n\n\n<p>L\u2019utilisateur du site Internet est tenu d\u2019utiliser le site de mani\u00e8re responsable, en veillant \u00e0 ne pas introduire de virus ou d\u2019autres logiciels malveillants, et \u00e0 s\u2019abstenir de toute forme d\u2019utilisation pouvant nuire \u00e0 l\u2019\u00e9diteur du site Internet ou \u00e0 des tiers, que ce soit par n\u00e9gligence ou intentionnellement.<\/p>\n\n\n\n<h2 class=\"wp-block-heading\"><strong>Responsabilit\u00e9 de l\u2019\u00e9diteur de site Internet<\/strong><\/h2>\n\n\n\n<p>Le contenu du site Internet a \u00e9t\u00e9 cr\u00e9\u00e9 avec diligence et soin dans le but de fournir des informations g\u00e9n\u00e9rales au public. N\u00e9anmoins, l\u2019\u00e9diteur du site ne donne aucune garantie que le contenu fourni est \u00e0 jour, complet et exact.<\/p>\n\n\n\n<h2 class=\"wp-block-heading\"><strong>Liens vers des sites internet tiers<\/strong><\/h2>\n\n\n\n<p>Ce site Internet contient des liens vers des sites internet tiers dont le contenu est ind\u00e9pendant du contr\u00f4le de l\u2019\u00e9diteur du pr\u00e9sent site. Pour cette raison, l\u2019\u00e9diteur de ce site ne peut fournir aucune garantie concernant de tels contenus de sites internet tiers, dont la responsabilit\u00e9 incombe aux tiers concern\u00e9s.<\/p>\n\n\n\n<h2 class=\"wp-block-heading\"><strong>Risques li\u00e9s \u00e0 la transmission de donn\u00e9es sur internet<\/strong><\/h2>\n\n\n\n<p>La transmission de donn\u00e9es sur internet comporte des risques&nbsp;: les informations que vous envoyez par e-mail \u00e0 l\u2019\u00e9diteur du site Internet peuvent \u00eatre lues, stock\u00e9es et d\u00e9tourn\u00e9es par des tiers lors de leur&nbsp;transfert. Veuillez donc vous abstenir d\u2019envoyer des informations confidentielles et\/ou des donn\u00e9es personnelles sensibles par e-mail ou par un autre moyen de communication non s\u00e9curis\u00e9.<\/p>\n\n\n\n<h2 class=\"wp-block-heading\"><strong>Loi applicable et juridiction comp\u00e9tente<\/strong><\/h2>\n\n\n\n<p>Le pr\u00e9sent site Internet et son utilisation sont soumis \u00e0 la loi luxembourgeoise. Tout litige en relation avec le site rel\u00e8ve de la comp\u00e9tence exclusive des tribunaux de Luxembourg-Ville, Grand-Duch\u00e9 de Luxembourg.<\/p>\n\n\n\n<h2 class=\"wp-block-heading\"><\/h2>\n","protected":false},"excerpt":{"rendered":"<p>\u00c9diteur du site Internet Caritas Jeunes et Familles asbl64 rue Charles MartelL-2134 Luxembourg T\u00e9l.&nbsp;: (+352) 265653-1 E-mail&nbsp;:&nbsp;contact@cjf.lu Ce site est h\u00e9berg\u00e9 par CBC Informatique,&nbsp;soci\u00e9t\u00e9 de droit luxembourgeois, domicili\u00e9e&nbsp;9, Zone Op Zaemer, L-4959 Bascharage Sources d\u2019images \u00a9Caritas Jeunes et Familles a.s.b.l.Photographe \u2013 Flavio Da Costa \u2013 F. Communications s\u00e0rlPhoto libres de droits issues de&nbsp;https:\/\/unsplash.com\/ Droits d\u2019auteur&#8230;<\/p>\n","protected":false},"author":1,"featured_media":0,"parent":0,"menu_order":0,"comment_status":"closed","ping_status":"open","template":"","meta":{"_monsterinsights_skip_tracking":false,"_monsterinsights_sitenote_active":false,"_monsterinsights_sitenote_note":"","_monsterinsights_sitenote_category":0,"footnotes":""},"class_list":["post-3","page","type-page","status-publish","hentry"],"_links":{"self":[{"href":"https:\/\/www.cjf.lu\/index.php?rest_route=\/wp\/v2\/pages\/3","targetHints":{"allow":["GET"]}}],"collection":[{"href":"https:\/\/www.cjf.lu\/index.php?rest_route=\/wp\/v2\/pages"}],"about":[{"href":"https:\/\/www.cjf.lu\/index.php?rest_route=\/wp\/v2\/types\/page"}],"author":[{"embeddable":true,"href":"https:\/\/www.cjf.lu\/index.php?rest_route=\/wp\/v2\/users\/1"}],"replies":[{"embeddable":true,"href":"https:\/\/www.cjf.lu\/index.php?rest_route=%2Fwp%2Fv2%2Fcomments&post=3"}],"version-history":[{"count":14,"href":"https:\/\/www.cjf.lu\/index.php?rest_route=\/wp\/v2\/pages\/3\/revisions"}],"predecessor-version":[{"id":23806,"href":"https:\/\/www.cjf.lu\/index.php?rest_route=\/wp\/v2\/pages\/3\/revisions\/23806"}],"wp:attachment":[{"href":"https:\/\/www.cjf.lu\/index.php?rest_route=%2Fwp%2Fv2%2Fmedia&parent=3"}],"curies":[{"name":"wp","href":"https:\/\/api.w.org\/{rel}","templated":true}]}}