{"id":26523,"date":"2025-06-30T12:13:14","date_gmt":"2025-06-30T12:13:14","guid":{"rendered":"https:\/\/www.cjf.lu\/?page_id=26523"},"modified":"2025-06-30T12:28:30","modified_gmt":"2025-06-30T12:28:30","slug":"notre-mission-et-nos-valeurs","status":"publish","type":"page","link":"https:\/\/www.cjf.lu\/?page_id=26523","title":{"rendered":"Notre mission et nos valeurs"},"content":{"rendered":"\t\t<div data-elementor-type=\"wp-page\" data-elementor-id=\"26523\" class=\"elementor elementor-26523\" data-elementor-settings=\"{&quot;ha_cmc_init_switcher&quot;:&quot;no&quot;}\">\n\t\t\t\t\t\t<section class=\"elementor-section elementor-top-section elementor-element elementor-element-dae6e1d elementor-section-boxed elementor-section-height-default elementor-section-height-default edgtf-elementor-container-no edgtf-section edgtf-parallax-section-holder-touch-disabled edgtf-parallax-section-no\" data-id=\"dae6e1d\" data-element_type=\"section\" data-e-type=\"section\" data-settings=\"{&quot;_ha_eqh_enable&quot;:false}\">\n\t\t\t\t\t\t<div class=\"elementor-container elementor-column-gap-default\">\n\t\t\t\t\t<div class=\"elementor-column elementor-col-100 elementor-top-column elementor-element elementor-element-4412a2c\" data-id=\"4412a2c\" data-element_type=\"column\" data-e-type=\"column\">\n\t\t\t<div class=\"elementor-widget-wrap elementor-element-populated\">\n\t\t\t\t\t\t<div class=\"elementor-element elementor-element-9391381 elementor-widget elementor-widget-wp-widget-rev-slider-widget\" data-id=\"9391381\" data-element_type=\"widget\" data-e-type=\"widget\" data-settings=\"{&quot;ha_floating_fx&quot;:&quot;yes&quot;}\" data-widget_type=\"wp-widget-rev-slider-widget.default\">\n\t\t\t\t<div class=\"elementor-widget-container\">\n\t\t\t\t\t\n\t\t\t<!-- START Notre mission et nos valeurs REVOLUTION SLIDER 6.4.11 --><p class=\"rs-p-wp-fix\"><\/p>\n\t\t\t<rs-module-wrap id=\"rev_slider_87_1_wrapper\" data-source=\"gallery\" style=\"background:transparent;padding:0;\">\n\t\t\t\t<rs-module id=\"rev_slider_87_1\" style=\"\" data-version=\"6.4.11\">\n\t\t\t\t\t<rs-slides>\n\t\t\t\t\t\t<rs-slide data-key=\"rs-128\" data-title=\"Slide\" data-in=\"o:0;\" data-out=\"a:false;\">\n\t\t\t\t\t\t\t<img fetchpriority=\"high\" decoding=\"async\" src=\"\/\/www.cjf.lu\/wp-content\/uploads\/2025\/06\/SlideHistoire.jpg\" title=\"SlideHistoire\" width=\"1920\" height=\"1080\" class=\"rev-slidebg tp-rs-img\" data-parallax=\"8\" data-no-retina>\n<!--\n\t\t\t\t\t\t\t--><rs-layer\n\t\t\t\t\t\t\t\tid=\"slider-87-slide-128-layer-6\" \n\t\t\t\t\t\t\t\tdata-type=\"text\"\n\t\t\t\t\t\t\t\tdata-xy=\"x:l,l,c,l;xo:2px,17px,-48px,16px;y:m;yo:-34px,-4px,-112px,-115px;\"\n\t\t\t\t\t\t\t\tdata-text=\"w:normal;s:70,50,40,35;l:90,70,60,55;fw:700;a:inherit;\"\n\t\t\t\t\t\t\t\tdata-dim=\"w:522px,497px,397px,278px;h:auto,367px,242px,auto;\"\n\t\t\t\t\t\t\t\tdata-rsp_bd=\"off\"\n\t\t\t\t\t\t\t\tdata-frame_0=\"x:50px;\"\n\t\t\t\t\t\t\t\tdata-frame_1=\"e:back.out;st:200;sp:500;sR:200;\"\n\t\t\t\t\t\t\t\tdata-frame_999=\"o:0;st:w;sR:3300;\"\n\t\t\t\t\t\t\t\tstyle=\"z-index:5;font-family:Merriweather;\"\n\t\t\t\t\t\t\t> <span style = 'color: #94c21a;'>Notre mission et nos valeurs<\/span> \n\t\t\t\t\t\t\t<\/rs-layer><!--\n-->\t\t\t\t\t\t<\/rs-slide>\n\t\t\t\t\t<\/rs-slides>\n\t\t\t\t<\/rs-module>\n\t\t\t\t<script type=\"text\/javascript\">\n\t\t\t\t\tsetREVStartSize({c: 'rev_slider_87_1',rl:[1240,1024,778,480],el:[700,600,800,500],gw:[1300,800,600,300],gh:[700,600,800,500],type:'standard',justify:'',layout:'fullscreen',offsetContainer:'.touch .edgtf-mobile-header',offset:'',mh:\"0\"});\n\t\t\t\t\tvar\trevapi87,\n\t\t\t\t\t\ttpj;\n\t\t\t\t\tfunction revinit_revslider871() {\n\t\t\t\t\tjQuery(function() {\n\t\t\t\t\t\ttpj = jQuery;\n\t\t\t\t\t\trevapi87 = tpj(\"#rev_slider_87_1\");\n\t\t\t\t\t\tif(revapi87==undefined || revapi87.revolution == undefined){\n\t\t\t\t\t\t\trevslider_showDoubleJqueryError(\"rev_slider_87_1\");\n\t\t\t\t\t\t}else{\n\t\t\t\t\t\t\trevapi87.revolution({\n\t\t\t\t\t\t\t\tDPR:\"dpr\",\n\t\t\t\t\t\t\t\tsliderLayout:\"fullscreen\",\n\t\t\t\t\t\t\t\tduration:4000,\n\t\t\t\t\t\t\t\tvisibilityLevels:\"1240,1024,778,480\",\n\t\t\t\t\t\t\t\tgridwidth:\"1300,800,600,300\",\n\t\t\t\t\t\t\t\tgridheight:\"700,600,800,500\",\n\t\t\t\t\t\t\t\tspinner:\"spinner2\",\n\t\t\t\t\t\t\t\tperspective:600,\n\t\t\t\t\t\t\t\tperspectiveType:\"local\",\n\t\t\t\t\t\t\t\teditorheight:\"700,600,800,500\",\n\t\t\t\t\t\t\t\tresponsiveLevels:\"1240,1024,778,480\",\n\t\t\t\t\t\t\t\tfullScreenOffsetContainer:\".touch .edgtf-mobile-header\",\n\t\t\t\t\t\t\t\tprogressBar:{disableProgressBar:true},\n\t\t\t\t\t\t\t\tnavigation: {\n\t\t\t\t\t\t\t\t\tonHoverStop:false\n\t\t\t\t\t\t\t\t},\n\t\t\t\t\t\t\t\tparallax: {\n\t\t\t\t\t\t\t\t\tlevels:[5,10,15,20,25,30,35,40,45,46,47,48,49,50,51,55],\n\t\t\t\t\t\t\t\t\ttype:\"mouse\"\n\t\t\t\t\t\t\t\t},\n\t\t\t\t\t\t\t\tfanim: {\n\t\t\t\t\t\t\t\t\tin:{\"o\":0},\n\t\t\t\t\t\t\t\t\tout:{\"a\":false},\n\t\t\t\t\t\t\t\t\tspeed:300\n\t\t\t\t\t\t\t\t},\n\t\t\t\t\t\t\t\tfallbacks: {\n\t\t\t\t\t\t\t\t\tallowHTML5AutoPlayOnAndroid:true\n\t\t\t\t\t\t\t\t},\n\t\t\t\t\t\t\t});\n\t\t\t\t\t\t}\n\t\t\t\t\t\t\n\t\t\t\t\t});\n\t\t\t\t\t} \/\/ End of RevInitScript\n\t\t\t\tvar once_revslider871 = false;\n\t\t\t\tif (document.readyState === \"loading\") {document.addEventListener('readystatechange',function() { if((document.readyState === \"interactive\" || document.readyState === \"complete\") && !once_revslider871 ) { once_revslider871 = true; revinit_revslider871();}});} else {once_revslider871 = true; revinit_revslider871();}\n\t\t\t\t<\/script>\n\t\t\t\t<script>\n\t\t\t\t\tvar htmlDivCss = unescape(\"%23rev_slider_87_1_wrapper%20rs-loader.spinner2%7B%20background-color%3A%20%23ffb422%20%21important%3B%20%7D\");\n\t\t\t\t\tvar htmlDiv = document.getElementById('rs-plugin-settings-inline-css');\n\t\t\t\t\tif(htmlDiv) {\n\t\t\t\t\t\thtmlDiv.innerHTML = htmlDiv.innerHTML + htmlDivCss;\n\t\t\t\t\t}else{\n\t\t\t\t\t\tvar htmlDiv = document.createElement('div');\n\t\t\t\t\t\thtmlDiv.innerHTML = '<style>' + htmlDivCss + '<\/style>';\n\t\t\t\t\t\tdocument.getElementsByTagName('head')[0].appendChild(htmlDiv.childNodes[0]);\n\t\t\t\t\t}\n\t\t\t\t<\/script>\n\t\t\t<\/rs-module-wrap>\n\t\t\t<!-- END REVOLUTION SLIDER -->\n\t\t\t\t<\/div>\n\t\t\t\t<\/div>\n\t\t\t\t\t<\/div>\n\t\t<\/div>\n\t\t\t\t\t<\/div>\n\t\t<\/section>\n\t\t\t\t<section class=\"elementor-section elementor-top-section elementor-element elementor-element-d7f59a9 edgtf-elementor-container-inner elementor-section-boxed elementor-section-height-default elementor-section-height-default edgtf-section edgtf-parallax-section-holder-touch-disabled edgtf-parallax-section-no\" data-id=\"d7f59a9\" data-element_type=\"section\" data-e-type=\"section\" data-settings=\"{&quot;background_background&quot;:&quot;classic&quot;,&quot;_ha_eqh_enable&quot;:false}\">\n\t\t\t\t\t\t<div class=\"elementor-container elementor-column-gap-default\">\n\t\t\t\t\t<div class=\"elementor-column elementor-col-100 elementor-top-column elementor-element elementor-element-435c06c\" data-id=\"435c06c\" data-element_type=\"column\" data-e-type=\"column\">\n\t\t\t<div class=\"elementor-widget-wrap elementor-element-populated\">\n\t\t\t\t\t\t<div class=\"elementor-element elementor-element-4105b99 elementor-widget elementor-widget-text-editor\" data-id=\"4105b99\" data-element_type=\"widget\" data-e-type=\"widget\" data-widget_type=\"text-editor.default\">\n\t\t\t\t<div class=\"elementor-widget-container\">\n\t\t\t\t\t\t\t\t\t<div class=\"wpb_text_column wpb_content_element \"><div class=\"wpb_wrapper\"><h2>Notre mission et nos valeurs<\/h2><\/div><\/div>\t\t\t\t\t\t\t\t<\/div>\n\t\t\t\t<\/div>\n\t\t\t\t<div class=\"elementor-element elementor-element-886c039 elementor-widget elementor-widget-edgtf_separator\" data-id=\"886c039\" data-element_type=\"widget\" data-e-type=\"widget\" data-widget_type=\"edgtf_separator.default\">\n\t\t\t\t<div class=\"elementor-widget-container\">\n\t\t\t\t\t<div class=\"edgtf-separator-holder clearfix  edgtf-separator-left edgtf-separator-normal\">\n\t<div class=\"edgtf-separator\" style=\"border-color: #95C11F;width: 55px;border-bottom-width: 3px;margin-top: 25px;margin-bottom: 25px\"><\/div>\n<\/div>\n\t\t\t\t<\/div>\n\t\t\t\t<\/div>\n\t\t\t\t<div class=\"elementor-element elementor-element-593b625 elementor-widget elementor-widget-text-editor\" data-id=\"593b625\" data-element_type=\"widget\" data-e-type=\"widget\" data-widget_type=\"text-editor.default\">\n\t\t\t\t<div class=\"elementor-widget-container\">\n\t\t\t\t\t\t\t\t\t<p style=\"margin: 0cm; text-align: justify;\"><span lang=\"FR\" style=\"font-family: 'Calibri',sans-serif;\">En 2025, nous avons pris le temps de r\u00e9fl\u00e9chir ensemble \u00e0 ce qui fait notre force, notre coh\u00e9rence et notre engagement commun. Cette d\u00e9marche collective a donn\u00e9 naissance \u00e0 une mission claire, des valeurs fondatrices, et une identit\u00e9 qui nous ressemble. Une \u00e9volution fid\u00e8le \u00e0 notre engagement social et humain. <\/span><\/p><p>\u00a0<\/p>\t\t\t\t\t\t\t\t<\/div>\n\t\t\t\t<\/div>\n\t\t\t\t<div class=\"elementor-element elementor-element-78019e6 elementor-widget elementor-widget-text-editor\" data-id=\"78019e6\" data-element_type=\"widget\" data-e-type=\"widget\" data-widget_type=\"text-editor.default\">\n\t\t\t\t<div class=\"elementor-widget-container\">\n\t\t\t\t\t\t\t\t\t<div class=\"wpb_text_column wpb_content_element \"><div class=\"wpb_wrapper\"><h2>Notre mission<\/h2><\/div><\/div>\t\t\t\t\t\t\t\t<\/div>\n\t\t\t\t<\/div>\n\t\t\t\t<div class=\"elementor-element elementor-element-047f250 elementor-widget elementor-widget-edgtf_separator\" data-id=\"047f250\" data-element_type=\"widget\" data-e-type=\"widget\" data-widget_type=\"edgtf_separator.default\">\n\t\t\t\t<div class=\"elementor-widget-container\">\n\t\t\t\t\t<div class=\"edgtf-separator-holder clearfix  edgtf-separator-left edgtf-separator-normal\">\n\t<div class=\"edgtf-separator\" style=\"border-color: #95C11F;width: 55px;border-bottom-width: 3px;margin-top: 25px;margin-bottom: 25px\"><\/div>\n<\/div>\n\t\t\t\t<\/div>\n\t\t\t\t<\/div>\n\t\t\t\t<div class=\"elementor-element elementor-element-e92972d elementor-widget elementor-widget-text-editor\" data-id=\"e92972d\" data-element_type=\"widget\" data-e-type=\"widget\" data-widget_type=\"text-editor.default\">\n\t\t\t\t<div class=\"elementor-widget-container\">\n\t\t\t\t\t\t\t\t\t<p>Cr\u00e9er un environnement serein o\u00f9 chaque enfant, adolescent ou jeune adulte peut trouver toutes les chances de s\u2019\u00e9panouir, quelles que soient sa situation et sa diff\u00e9rence.<br \/>M\u00eame si nous avons beaucoup grandi et grandirons encore dans les prochaines ann\u00e9es, nous cultivons notre dimension humaine et gardons intacte notre volont\u00e9 d\u2019avancer. C\u2019est pour cela que notre environnement de travail et notre organisation privil\u00e9gient l\u2019agilit\u00e9 et l\u2019autonomie, afin de donner \u00e0 chacun, collaborateur, enfant ou jeune, les conditions dont il a besoin, au moment o\u00f9 il en a besoin.<\/p><p><br \/>Souvent, c\u2019est la joie qui nous anime, car nous aimons notre m\u00e9tier. Mais au-del\u00e0, nous nous sommes interrog\u00e9s, tous ensemble, au sujet des valeurs qui nous portent en tant qu\u2019association. Ces valeurs viennent de notre histoire, mais nous les vivons et les enrichissons au quotidien.<\/p>\t\t\t\t\t\t\t\t<\/div>\n\t\t\t\t<\/div>\n\t\t\t\t<div class=\"elementor-element elementor-element-e76328c elementor-widget elementor-widget-text-editor\" data-id=\"e76328c\" data-element_type=\"widget\" data-e-type=\"widget\" data-widget_type=\"text-editor.default\">\n\t\t\t\t<div class=\"elementor-widget-container\">\n\t\t\t\t\t\t\t\t\t<div class=\"wpb_text_column wpb_content_element \"><div class=\"wpb_wrapper\"><h2>Nos valeurs<\/h2><\/div><\/div>\t\t\t\t\t\t\t\t<\/div>\n\t\t\t\t<\/div>\n\t\t\t\t<div class=\"elementor-element elementor-element-1d94692 elementor-widget elementor-widget-edgtf_separator\" data-id=\"1d94692\" data-element_type=\"widget\" data-e-type=\"widget\" data-widget_type=\"edgtf_separator.default\">\n\t\t\t\t<div class=\"elementor-widget-container\">\n\t\t\t\t\t<div class=\"edgtf-separator-holder clearfix  edgtf-separator-left edgtf-separator-normal\">\n\t<div class=\"edgtf-separator\" style=\"border-color: #95C11F;width: 55px;border-bottom-width: 3px;margin-top: 25px;margin-bottom: 25px\"><\/div>\n<\/div>\n\t\t\t\t<\/div>\n\t\t\t\t<\/div>\n\t\t\t\t<div class=\"elementor-element elementor-element-0956419 elementor-widget elementor-widget-text-editor\" data-id=\"0956419\" data-element_type=\"widget\" data-e-type=\"widget\" data-widget_type=\"text-editor.default\">\n\t\t\t\t<div class=\"elementor-widget-container\">\n\t\t\t\t\t\t\t\t\t<p><img decoding=\"async\" class=\"alignnone wp-image-26543 size-full\" src=\"https:\/\/www.cjf.lu\/wp-content\/uploads\/2025\/06\/Engagementss.png\" alt=\"\" width=\"500\" height=\"70\" srcset=\"https:\/\/www.cjf.lu\/wp-content\/uploads\/2025\/06\/Engagementss.png 500w, https:\/\/www.cjf.lu\/wp-content\/uploads\/2025\/06\/Engagementss-300x42.png 300w\" sizes=\"(max-width: 500px) 100vw, 500px\" \/><br \/>Notre engagement est sans faille au service d\u2019un d\u00e9veloppement favorisant l\u2019\u00e9quilibre et le bonheur des enfants et des jeunes.<\/p><p><img decoding=\"async\" class=\"alignnone wp-image-26544 size-full\" src=\"https:\/\/www.cjf.lu\/wp-content\/uploads\/2025\/06\/Ouverts.png\" alt=\"\" width=\"800\" height=\"70\" srcset=\"https:\/\/www.cjf.lu\/wp-content\/uploads\/2025\/06\/Ouverts.png 800w, https:\/\/www.cjf.lu\/wp-content\/uploads\/2025\/06\/Ouverts-300x26.png 300w, https:\/\/www.cjf.lu\/wp-content\/uploads\/2025\/06\/Ouverts-768x67.png 768w\" sizes=\"(max-width: 800px) 100vw, 800px\" \/><br \/>Notre engagement est sans faille au service d\u2019un d\u00e9veloppement favorisant l\u2019\u00e9quilibre et le bonheur des enfants et des jeunes.<\/p><p><img loading=\"lazy\" decoding=\"async\" class=\"alignnone wp-image-26548 size-full\" src=\"https:\/\/www.cjf.lu\/wp-content\/uploads\/2025\/06\/Bienveillance.png\" alt=\"\" width=\"500\" height=\"70\" srcset=\"https:\/\/www.cjf.lu\/wp-content\/uploads\/2025\/06\/Bienveillance.png 500w, https:\/\/www.cjf.lu\/wp-content\/uploads\/2025\/06\/Bienveillance-300x42.png 300w\" sizes=\"(max-width: 500px) 100vw, 500px\" \/><br \/>La bienveillance est le socle de nos relations interpersonnelles, au sein de nos \u00e9quipes et avec ceux que nous accompagnons, que nous prot\u00e9geons.<\/p><p><img loading=\"lazy\" decoding=\"async\" class=\"alignnone wp-image-26552 size-full\" src=\"https:\/\/www.cjf.lu\/wp-content\/uploads\/2025\/06\/solidarite.png\" alt=\"\" width=\"500\" height=\"70\" srcset=\"https:\/\/www.cjf.lu\/wp-content\/uploads\/2025\/06\/solidarite.png 500w, https:\/\/www.cjf.lu\/wp-content\/uploads\/2025\/06\/solidarite-300x42.png 300w\" sizes=\"(max-width: 500px) 100vw, 500px\" \/><br \/>Parce que nous travaillons ensemble, nous irons toujours plus loin.<\/p>\t\t\t\t\t\t\t\t<\/div>\n\t\t\t\t<\/div>\n\t\t\t\t<div class=\"elementor-element elementor-element-0e12987 elementor-widget elementor-widget-text-editor\" data-id=\"0e12987\" data-element_type=\"widget\" data-e-type=\"widget\" data-widget_type=\"text-editor.default\">\n\t\t\t\t<div class=\"elementor-widget-container\">\n\t\t\t\t\t\t\t\t\t<div class=\"wpb_text_column wpb_content_element \"><div class=\"wpb_wrapper\"><h2>Notre signature<\/h2><\/div><\/div>\t\t\t\t\t\t\t\t<\/div>\n\t\t\t\t<\/div>\n\t\t\t\t<div class=\"elementor-element elementor-element-e924703 elementor-widget elementor-widget-edgtf_separator\" data-id=\"e924703\" data-element_type=\"widget\" data-e-type=\"widget\" data-widget_type=\"edgtf_separator.default\">\n\t\t\t\t<div class=\"elementor-widget-container\">\n\t\t\t\t\t<div class=\"edgtf-separator-holder clearfix  edgtf-separator-left edgtf-separator-normal\">\n\t<div class=\"edgtf-separator\" style=\"border-color: #95C11F;width: 55px;border-bottom-width: 3px;margin-top: 25px;margin-bottom: 25px\"><\/div>\n<\/div>\n\t\t\t\t<\/div>\n\t\t\t\t<\/div>\n\t\t\t\t<div class=\"elementor-element elementor-element-7307ac5 elementor-widget elementor-widget-text-editor\" data-id=\"7307ac5\" data-element_type=\"widget\" data-e-type=\"widget\" data-widget_type=\"text-editor.default\">\n\t\t\t\t<div class=\"elementor-widget-container\">\n\t\t\t\t\t\t\t\t\t<p><img loading=\"lazy\" decoding=\"async\" class=\"alignnone size-medium wp-image-26510\" src=\"https:\/\/www.cjf.lu\/wp-content\/uploads\/2025\/06\/Slogan-300x90.png\" alt=\"\" width=\"300\" height=\"90\" \/><\/p><p>Vers le futur des enfants et des jeunes que nous accompagnons, pour qu\u2019ils deviennent des adultes \u00e9panouis.<br \/>Vers celui des familles, que nous soutenons avec attention dans les moments cl\u00e9s de la vie.<br \/>Et vers celui de nos collaboratrices et collaborateurs, qui grandissent eux aussi au contact des enfants, des jeunes et des familles \u2014 dans une relation d\u2019\u00e9coute, d\u2019\u00e9change et d\u2019apprentissage mutuel.<\/p><p>Ce chemin, nous le construisons \u00e9galement avec nos partenaires : communes, minist\u00e8res, associations, et prestataires externes.<\/p><p><span style=\"color: #99cc00;\"><strong><em>Grandir ensemble<\/em>, <em>c\u2019est croire que nous avons tous quelque chose \u00e0 apprendre les uns des autres \u2014 quels que soient notre \u00e2ge, notre r\u00f4le ou notre parcours.<\/em><\/strong><\/span><\/p>\t\t\t\t\t\t\t\t<\/div>\n\t\t\t\t<\/div>\n\t\t\t\t<div class=\"elementor-element elementor-element-ca136a6 elementor-widget elementor-widget-spacer\" data-id=\"ca136a6\" data-element_type=\"widget\" data-e-type=\"widget\" data-widget_type=\"spacer.default\">\n\t\t\t\t<div class=\"elementor-widget-container\">\n\t\t\t\t\t\t\t<div class=\"elementor-spacer\">\n\t\t\t<div class=\"elementor-spacer-inner\"><\/div>\n\t\t<\/div>\n\t\t\t\t\t\t<\/div>\n\t\t\t\t<\/div>\n\t\t\t\t\t<\/div>\n\t\t<\/div>\n\t\t\t\t\t<\/div>\n\t\t<\/section>\n\t\t\t\t<\/div>\n\t\t","protected":false},"excerpt":{"rendered":"<p>Notre mission et nos valeurs En 2025, nous avons pris le temps de r\u00e9fl\u00e9chir ensemble \u00e0 ce qui fait notre force, notre coh\u00e9rence et notre engagement commun. Cette d\u00e9marche collective a donn\u00e9 naissance \u00e0 une mission claire, des valeurs fondatrices, et une identit\u00e9 qui nous ressemble. Une \u00e9volution fid\u00e8le \u00e0 notre engagement social et humain&#8230;.<\/p>\n","protected":false},"author":3,"featured_media":0,"parent":0,"menu_order":0,"comment_status":"closed","ping_status":"closed","template":"full-width.php","meta":{"_monsterinsights_skip_tracking":false,"_monsterinsights_sitenote_active":false,"_monsterinsights_sitenote_note":"","_monsterinsights_sitenote_category":0,"footnotes":""},"class_list":["post-26523","page","type-page","status-publish","hentry"],"_links":{"self":[{"href":"https:\/\/www.cjf.lu\/index.php?rest_route=\/wp\/v2\/pages\/26523","targetHints":{"allow":["GET"]}}],"collection":[{"href":"https:\/\/www.cjf.lu\/index.php?rest_route=\/wp\/v2\/pages"}],"about":[{"href":"https:\/\/www.cjf.lu\/index.php?rest_route=\/wp\/v2\/types\/page"}],"author":[{"embeddable":true,"href":"https:\/\/www.cjf.lu\/index.php?rest_route=\/wp\/v2\/users\/3"}],"replies":[{"embeddable":true,"href":"https:\/\/www.cjf.lu\/index.php?rest_route=%2Fwp%2Fv2%2Fcomments&post=26523"}],"version-history":[{"count":35,"href":"https:\/\/www.cjf.lu\/index.php?rest_route=\/wp\/v2\/pages\/26523\/revisions"}],"predecessor-version":[{"id":26651,"href":"https:\/\/www.cjf.lu\/index.php?rest_route=\/wp\/v2\/pages\/26523\/revisions\/26651"}],"wp:attachment":[{"href":"https:\/\/www.cjf.lu\/index.php?rest_route=%2Fwp%2Fv2%2Fmedia&parent=26523"}],"curies":[{"name":"wp","href":"https:\/\/api.w.org\/{rel}","templated":true}]}}