{"id":25826,"date":"2024-11-19T13:19:18","date_gmt":"2024-11-19T13:19:18","guid":{"rendered":"https:\/\/www.cjf.lu\/?page_id=25826"},"modified":"2024-11-28T08:09:49","modified_gmt":"2024-11-28T08:09:49","slug":"senaine-droits-enfants-2024","status":"publish","type":"page","link":"https:\/\/www.cjf.lu\/?page_id=25826","title":{"rendered":"Droits Enfants 2024"},"content":{"rendered":"\t\t<div data-elementor-type=\"wp-page\" data-elementor-id=\"25826\" class=\"elementor elementor-25826\" data-elementor-settings=\"{&quot;ha_cmc_init_switcher&quot;:&quot;no&quot;}\">\n\t\t\t\t\t\t<section class=\"elementor-section elementor-top-section elementor-element elementor-element-dae6e1d elementor-section-boxed elementor-section-height-default elementor-section-height-default edgtf-elementor-container-no edgtf-section edgtf-parallax-section-holder-touch-disabled edgtf-parallax-section-no\" data-id=\"dae6e1d\" data-element_type=\"section\" data-e-type=\"section\" data-settings=\"{&quot;_ha_eqh_enable&quot;:false}\">\n\t\t\t\t\t\t<div class=\"elementor-container elementor-column-gap-default\">\n\t\t\t\t\t<div class=\"elementor-column elementor-col-100 elementor-top-column elementor-element elementor-element-4412a2c\" data-id=\"4412a2c\" data-element_type=\"column\" data-e-type=\"column\">\n\t\t\t<div class=\"elementor-widget-wrap elementor-element-populated\">\n\t\t\t\t\t\t<div class=\"elementor-element elementor-element-9391381 elementor-widget elementor-widget-wp-widget-rev-slider-widget\" data-id=\"9391381\" data-element_type=\"widget\" data-e-type=\"widget\" data-widget_type=\"wp-widget-rev-slider-widget.default\">\n\t\t\t\t<div class=\"elementor-widget-container\">\n\t\t\t\t\t\n\t\t\t<!-- START Semaine des Droits Enfants 2024 REVOLUTION SLIDER 6.4.11 --><p class=\"rs-p-wp-fix\"><\/p>\n\t\t\t<rs-module-wrap id=\"rev_slider_81_1_wrapper\" data-source=\"gallery\" style=\"background:transparent;padding:0;\">\n\t\t\t\t<rs-module id=\"rev_slider_81_1\" style=\"\" data-version=\"6.4.11\">\n\t\t\t\t\t<rs-slides>\n\t\t\t\t\t\t<rs-slide data-key=\"rs-119\" data-title=\"Semaine Droits Enfants 2024\" data-in=\"o:0;\" data-out=\"a:false;\">\n\t\t\t\t\t\t\t<img fetchpriority=\"high\" decoding=\"async\" src=\"\/\/www.cjf.lu\/wp-content\/uploads\/2024\/11\/20241115_151015-2-scaled.jpg\" title=\"20241115_151015 (2)\" width=\"2560\" height=\"1788\" class=\"rev-slidebg tp-rs-img\" data-parallax=\"8\" data-no-retina>\n<!--\n\t\t\t\t\t\t\t--><rs-layer\n\t\t\t\t\t\t\t\tid=\"slider-81-slide-119-layer-6\" \n\t\t\t\t\t\t\t\tdata-type=\"text\"\n\t\t\t\t\t\t\t\tdata-xy=\"x:c,l,c,l;xo:0,-70px,-42px,0;y:m;yo:116px,-46px,-320px,-86px;\"\n\t\t\t\t\t\t\t\tdata-text=\"w:normal,normal,normal,normal;s:70,50,40,35;l:90,70,60,55;fw:700;a:center,inherit,inherit,inherit;\"\n\t\t\t\t\t\t\t\tdata-dim=\"w:708px,497px,449px,278px;h:97.993px,367px,242px,auto;\"\n\t\t\t\t\t\t\t\tdata-rsp_bd=\"off\"\n\t\t\t\t\t\t\t\tdata-frame_0=\"x:50px;\"\n\t\t\t\t\t\t\t\tdata-frame_1=\"e:back.out;st:200;sp:500;sR:200;\"\n\t\t\t\t\t\t\t\tdata-frame_999=\"o:0;st:w;sR:3300;\"\n\t\t\t\t\t\t\t\tstyle=\"z-index:5;font-family:Merriweather;\"\n\t\t\t\t\t\t\t> <span style = 'color: #ffb422;' <\/br>Droits Enfants 2024<\/span> \n\t\t\t\t\t\t\t<\/rs-layer><!--\n-->\t\t\t\t\t\t<\/rs-slide>\n\t\t\t\t\t<\/rs-slides>\n\t\t\t\t<\/rs-module>\n\t\t\t\t<script type=\"text\/javascript\">\n\t\t\t\t\tsetREVStartSize({c: 'rev_slider_81_1',rl:[1240,1024,778,480],el:[700,600,800,500],gw:[1300,800,600,300],gh:[700,600,800,500],type:'standard',justify:'',layout:'fullscreen',offsetContainer:'.touch .edgtf-mobile-header',offset:'',mh:\"0\"});\n\t\t\t\t\tvar\trevapi81,\n\t\t\t\t\t\ttpj;\n\t\t\t\t\tfunction revinit_revslider811() {\n\t\t\t\t\tjQuery(function() {\n\t\t\t\t\t\ttpj = jQuery;\n\t\t\t\t\t\trevapi81 = tpj(\"#rev_slider_81_1\");\n\t\t\t\t\t\tif(revapi81==undefined || revapi81.revolution == undefined){\n\t\t\t\t\t\t\trevslider_showDoubleJqueryError(\"rev_slider_81_1\");\n\t\t\t\t\t\t}else{\n\t\t\t\t\t\t\trevapi81.revolution({\n\t\t\t\t\t\t\t\tDPR:\"dpr\",\n\t\t\t\t\t\t\t\tsliderLayout:\"fullscreen\",\n\t\t\t\t\t\t\t\tduration:4000,\n\t\t\t\t\t\t\t\tvisibilityLevels:\"1240,1024,778,480\",\n\t\t\t\t\t\t\t\tgridwidth:\"1300,800,600,300\",\n\t\t\t\t\t\t\t\tgridheight:\"700,600,800,500\",\n\t\t\t\t\t\t\t\tspinner:\"spinner2\",\n\t\t\t\t\t\t\t\tperspective:600,\n\t\t\t\t\t\t\t\tperspectiveType:\"local\",\n\t\t\t\t\t\t\t\teditorheight:\"700,600,800,500\",\n\t\t\t\t\t\t\t\tresponsiveLevels:\"1240,1024,778,480\",\n\t\t\t\t\t\t\t\tfullScreenOffsetContainer:\".touch .edgtf-mobile-header\",\n\t\t\t\t\t\t\t\tprogressBar:{disableProgressBar:true},\n\t\t\t\t\t\t\t\tnavigation: {\n\t\t\t\t\t\t\t\t\tonHoverStop:false\n\t\t\t\t\t\t\t\t},\n\t\t\t\t\t\t\t\tparallax: {\n\t\t\t\t\t\t\t\t\tlevels:[5,10,15,20,25,30,35,40,45,46,47,48,49,50,51,55],\n\t\t\t\t\t\t\t\t\ttype:\"mouse\"\n\t\t\t\t\t\t\t\t},\n\t\t\t\t\t\t\t\tfanim: {\n\t\t\t\t\t\t\t\t\tin:{\"o\":0},\n\t\t\t\t\t\t\t\t\tout:{\"a\":false},\n\t\t\t\t\t\t\t\t\tspeed:300\n\t\t\t\t\t\t\t\t},\n\t\t\t\t\t\t\t\tfallbacks: {\n\t\t\t\t\t\t\t\t\tallowHTML5AutoPlayOnAndroid:true\n\t\t\t\t\t\t\t\t},\n\t\t\t\t\t\t\t});\n\t\t\t\t\t\t}\n\t\t\t\t\t\t\n\t\t\t\t\t});\n\t\t\t\t\t} \/\/ End of RevInitScript\n\t\t\t\tvar once_revslider811 = false;\n\t\t\t\tif (document.readyState === \"loading\") {document.addEventListener('readystatechange',function() { if((document.readyState === \"interactive\" || document.readyState === \"complete\") && !once_revslider811 ) { once_revslider811 = true; revinit_revslider811();}});} else {once_revslider811 = true; revinit_revslider811();}\n\t\t\t\t<\/script>\n\t\t\t\t<script>\n\t\t\t\t\tvar htmlDivCss = unescape(\"%23rev_slider_81_1_wrapper%20rs-loader.spinner2%7B%20background-color%3A%20%23ffb422%20%21important%3B%20%7D\");\n\t\t\t\t\tvar htmlDiv = document.getElementById('rs-plugin-settings-inline-css');\n\t\t\t\t\tif(htmlDiv) {\n\t\t\t\t\t\thtmlDiv.innerHTML = htmlDiv.innerHTML + htmlDivCss;\n\t\t\t\t\t}else{\n\t\t\t\t\t\tvar htmlDiv = document.createElement('div');\n\t\t\t\t\t\thtmlDiv.innerHTML = '<style>' + htmlDivCss + '<\/style>';\n\t\t\t\t\t\tdocument.getElementsByTagName('head')[0].appendChild(htmlDiv.childNodes[0]);\n\t\t\t\t\t}\n\t\t\t\t<\/script>\n\t\t\t<\/rs-module-wrap>\n\t\t\t<!-- END REVOLUTION SLIDER -->\n\t\t\t\t<\/div>\n\t\t\t\t<\/div>\n\t\t\t\t\t<\/div>\n\t\t<\/div>\n\t\t\t\t\t<\/div>\n\t\t<\/section>\n\t\t\t\t<section class=\"elementor-section elementor-top-section elementor-element elementor-element-3595282 edgtf-elementor-container-inner elementor-section-boxed elementor-section-height-default elementor-section-height-default edgtf-section edgtf-parallax-section-holder-touch-disabled edgtf-parallax-section-no\" data-id=\"3595282\" data-element_type=\"section\" data-e-type=\"section\" data-settings=\"{&quot;background_background&quot;:&quot;classic&quot;,&quot;_ha_eqh_enable&quot;:false}\">\n\t\t\t\t\t\t<div class=\"elementor-container elementor-column-gap-default\">\n\t\t\t\t\t<div class=\"elementor-column elementor-col-100 elementor-top-column elementor-element elementor-element-22068d2\" data-id=\"22068d2\" data-element_type=\"column\" data-e-type=\"column\">\n\t\t\t<div class=\"elementor-widget-wrap elementor-element-populated\">\n\t\t\t\t\t\t<div class=\"elementor-element elementor-element-19facb6 elementor-widget elementor-widget-text-editor\" data-id=\"19facb6\" data-element_type=\"widget\" data-e-type=\"widget\" data-widget_type=\"text-editor.default\">\n\t\t\t\t<div class=\"elementor-widget-container\">\n\t\t\t\t\t\t\t\t\t<p>Les <strong>Droits de l&rsquo;Enfant<\/strong> constituent le <strong>socle de notre travail au quotidien<\/strong>. <span style=\"color: #ffcc00;\"><strong>Pourquoi<\/strong> <\/span>? Parce que ces droits garantissent \u00e0 chaque enfant et jeune la possibilit\u00e9 de s\u2019\u00e9panouir dans un environnement bienveillant, respectueux et \u00e9quitable. Ils sont un guide pour accompagner chaque enfant et jeune dans son d\u00e9veloppement personnel et collectif.<\/p><p>Cette ann\u00e9e, le th\u00e8me choisi est <strong>l\u2019identit\u00e9<\/strong> \u2013 un th\u00e8me profond\u00e9ment ancr\u00e9 dans la <strong>Convention relative aux droits de l\u2019enfant<\/strong>, notamment son <strong>article 8<\/strong>, qui stipule que \u00ab\u00a0Les \u00c9tats s&rsquo;engagent \u00e0 respecter le droit de l&rsquo;enfant \u00e0 pr\u00e9server son identit\u00e9, y compris sa nationalit\u00e9, son nom et ses relations familiales.\u00a0\u00bb<\/p><p><strong>L\u2019identit\u00e9 est indispensable<\/strong> :<\/p><ul><li><strong>Pour chaque individu<\/strong> : Elle permet \u00e0 chaque enfant et jeune de comprendre qui il est, de d\u00e9velopper sa confiance en soi et de construire sa place dans le monde.<\/li><li><strong>Pour la soci\u00e9t\u00e9<\/strong> : Respecter et valoriser l\u2019identit\u00e9 de chaque enfant et jeune enrichit notre diversit\u00e9 collective, renforce notre humanit\u00e9 et promeut une cohabitation harmonieuse.<\/li><\/ul><p>Cette ann\u00e9e, nous avons articul\u00e9 nos actions autour de ce th\u00e8me. Nos enfants et jeunes ont exprim\u00e9 leur vision de l\u2019identit\u00e9 \u00e0 travers des cr\u00e9ations artistiques puissantes :<br \/><img decoding=\"async\" class=\"emoji\" role=\"img\" draggable=\"false\" src=\"https:\/\/s.w.org\/images\/core\/emoji\/15.0.3\/svg\/1f58c.svg\" alt=\"\ud83d\udd8c\ufe0f\" \/> <strong>Mannequins en bois d\u00e9cor\u00e9s<\/strong> pour symboliser leurs id\u00e9es et \u00e9motions.<br \/><img decoding=\"async\" class=\"emoji\" role=\"img\" draggable=\"false\" src=\"https:\/\/s.w.org\/images\/core\/emoji\/15.0.3\/svg\/1f3a8.svg\" alt=\"\ud83c\udfa8\" \/> <strong>Posters, illustrations, et \u00ab\u00a0plan\u00e8tes d\u2019identit\u00e9\u00a0\u00bb<\/strong> c\u00e9l\u00e9brant la richesse que chaque identit\u00e9 apporte \u00e0 notre monde.<\/p><p>Les messages transmis par les enfants et jeunes nous ont profond\u00e9ment touch\u00e9s. Leur cr\u00e9ativit\u00e9 et leur authenticit\u00e9 nous rappellent l&rsquo;importance de <strong>prot\u00e9ger leurs droits<\/strong> et de leur offrir l\u2019espace n\u00e9cessaire pour s\u2019exprimer et grandir.<\/p>\t\t\t\t\t\t\t\t<\/div>\n\t\t\t\t<\/div>\n\t\t\t\t\t<\/div>\n\t\t<\/div>\n\t\t\t\t\t<\/div>\n\t\t<\/section>\n\t\t\t\t<section class=\"elementor-section elementor-top-section elementor-element elementor-element-775d6d1 elementor-section-full_width elementor-section-height-default elementor-section-height-default edgtf-elementor-container-no edgtf-section edgtf-parallax-section-holder-touch-disabled edgtf-parallax-section-no\" data-id=\"775d6d1\" data-element_type=\"section\" data-e-type=\"section\" data-settings=\"{&quot;_ha_eqh_enable&quot;:false}\">\n\t\t\t\t\t\t<div class=\"elementor-container elementor-column-gap-narrow\">\n\t\t\t\t\t<div class=\"elementor-column elementor-col-100 elementor-top-column elementor-element elementor-element-4d15486\" data-id=\"4d15486\" data-element_type=\"column\" data-e-type=\"column\">\n\t\t\t<div class=\"elementor-widget-wrap elementor-element-populated\">\n\t\t\t\t\t\t<div class=\"elementor-element elementor-element-67f1584 elementor-widget elementor-widget-image-gallery\" data-id=\"67f1584\" data-element_type=\"widget\" data-e-type=\"widget\" data-widget_type=\"image-gallery.default\">\n\t\t\t\t<div class=\"elementor-widget-container\">\n\t\t\t\t\t\t\t<div class=\"elementor-image-gallery\">\n\t\t\t\n\t\t<style type=\"text\/css\">\n\t\t\t#gallery-1 {\n\t\t\t\tmargin: auto;\n\t\t\t}\n\t\t\t#gallery-1 .gallery-item {\n\t\t\t\tfloat: left;\n\t\t\t\tmargin-top: 10px;\n\t\t\t\ttext-align: center;\n\t\t\t\twidth: 25%;\n\t\t\t}\n\t\t\t#gallery-1 img {\n\t\t\t\tborder: 2px solid #cfcfcf;\n\t\t\t}\n\t\t\t#gallery-1 .gallery-caption {\n\t\t\t\tmargin-left: 0;\n\t\t\t}\n\t\t\t\/* see gallery_shortcode() in wp-includes\/media.php *\/\n\t\t<\/style>\n\t\t<div id='gallery-1' class='gallery galleryid-25826 gallery-columns-4 gallery-size-medium_large'><dl class='gallery-item'>\n\t\t\t<dt class='gallery-icon landscape'>\n\t\t\t\t<a data-elementor-open-lightbox=\"yes\" data-elementor-lightbox-slideshow=\"67f1584\" data-elementor-lightbox-title=\"Am Pescher_HK_Consdorf\" data-e-action-hash=\"#elementor-action%3Aaction%3Dlightbox%26settings%3DeyJpZCI6MjU4NDcsInVybCI6Imh0dHBzOlwvXC93d3cuY2pmLmx1XC93cC1jb250ZW50XC91cGxvYWRzXC8yMDI0XC8xMVwvQW0tUGVzY2hlcl9IS19Db25zZG9yZi5wbmciLCJzbGlkZXNob3ciOiI2N2YxNTg0In0%3D\" href='https:\/\/www.cjf.lu\/wp-content\/uploads\/2024\/11\/Am-Pescher_HK_Consdorf.png'><img decoding=\"async\" width=\"768\" height=\"768\" src=\"https:\/\/www.cjf.lu\/wp-content\/uploads\/2024\/11\/Am-Pescher_HK_Consdorf-768x768.png\" class=\"attachment-medium_large size-medium_large\" alt=\"\" srcset=\"https:\/\/www.cjf.lu\/wp-content\/uploads\/2024\/11\/Am-Pescher_HK_Consdorf-768x768.png 768w, https:\/\/www.cjf.lu\/wp-content\/uploads\/2024\/11\/Am-Pescher_HK_Consdorf-300x300.png 300w, https:\/\/www.cjf.lu\/wp-content\/uploads\/2024\/11\/Am-Pescher_HK_Consdorf-150x150.png 150w, https:\/\/www.cjf.lu\/wp-content\/uploads\/2024\/11\/Am-Pescher_HK_Consdorf-550x550.png 550w, https:\/\/www.cjf.lu\/wp-content\/uploads\/2024\/11\/Am-Pescher_HK_Consdorf.png 800w\" sizes=\"(max-width: 768px) 100vw, 768px\" \/><\/a>\n\t\t\t<\/dt><\/dl><dl class='gallery-item'>\n\t\t\t<dt class='gallery-icon landscape'>\n\t\t\t\t<a data-elementor-open-lightbox=\"yes\" data-elementor-lightbox-slideshow=\"67f1584\" data-elementor-lightbox-title=\"YC_Bridel\" data-e-action-hash=\"#elementor-action%3Aaction%3Dlightbox%26settings%3DeyJpZCI6MjU4NTMsInVybCI6Imh0dHBzOlwvXC93d3cuY2pmLmx1XC93cC1jb250ZW50XC91cGxvYWRzXC8yMDI0XC8xMVwvWUNfQnJpZGVsLnBuZyIsInNsaWRlc2hvdyI6IjY3ZjE1ODQifQ%3D%3D\" href='https:\/\/www.cjf.lu\/wp-content\/uploads\/2024\/11\/YC_Bridel.png'><img decoding=\"async\" width=\"768\" height=\"768\" src=\"https:\/\/www.cjf.lu\/wp-content\/uploads\/2024\/11\/YC_Bridel-768x768.png\" class=\"attachment-medium_large size-medium_large\" alt=\"\" srcset=\"https:\/\/www.cjf.lu\/wp-content\/uploads\/2024\/11\/YC_Bridel-768x768.png 768w, https:\/\/www.cjf.lu\/wp-content\/uploads\/2024\/11\/YC_Bridel-300x300.png 300w, https:\/\/www.cjf.lu\/wp-content\/uploads\/2024\/11\/YC_Bridel-150x150.png 150w, https:\/\/www.cjf.lu\/wp-content\/uploads\/2024\/11\/YC_Bridel-550x550.png 550w, https:\/\/www.cjf.lu\/wp-content\/uploads\/2024\/11\/YC_Bridel.png 800w\" sizes=\"(max-width: 768px) 100vw, 768px\" \/><\/a>\n\t\t\t<\/dt><\/dl><dl class='gallery-item'>\n\t\t\t<dt class='gallery-icon landscape'>\n\t\t\t\t<a data-elementor-open-lightbox=\"yes\" data-elementor-lightbox-slideshow=\"67f1584\" data-elementor-lightbox-title=\"Paikia\" data-e-action-hash=\"#elementor-action%3Aaction%3Dlightbox%26settings%3DeyJpZCI6MjU4NTIsInVybCI6Imh0dHBzOlwvXC93d3cuY2pmLmx1XC93cC1jb250ZW50XC91cGxvYWRzXC8yMDI0XC8xMVwvUGFpa2lhLnBuZyIsInNsaWRlc2hvdyI6IjY3ZjE1ODQifQ%3D%3D\" href='https:\/\/www.cjf.lu\/wp-content\/uploads\/2024\/11\/Paikia.png'><img loading=\"lazy\" decoding=\"async\" width=\"768\" height=\"768\" src=\"https:\/\/www.cjf.lu\/wp-content\/uploads\/2024\/11\/Paikia-768x768.png\" class=\"attachment-medium_large size-medium_large\" alt=\"\" srcset=\"https:\/\/www.cjf.lu\/wp-content\/uploads\/2024\/11\/Paikia-768x768.png 768w, https:\/\/www.cjf.lu\/wp-content\/uploads\/2024\/11\/Paikia-300x300.png 300w, https:\/\/www.cjf.lu\/wp-content\/uploads\/2024\/11\/Paikia-150x150.png 150w, https:\/\/www.cjf.lu\/wp-content\/uploads\/2024\/11\/Paikia-550x550.png 550w, https:\/\/www.cjf.lu\/wp-content\/uploads\/2024\/11\/Paikia.png 800w\" sizes=\"(max-width: 768px) 100vw, 768px\" \/><\/a>\n\t\t\t<\/dt><\/dl><dl class='gallery-item'>\n\t\t\t<dt class='gallery-icon landscape'>\n\t\t\t\t<a data-elementor-open-lightbox=\"yes\" data-elementor-lightbox-slideshow=\"67f1584\" data-elementor-lightbox-title=\"Dys-Positiv\" data-e-action-hash=\"#elementor-action%3Aaction%3Dlightbox%26settings%3DeyJpZCI6MjU4NTEsInVybCI6Imh0dHBzOlwvXC93d3cuY2pmLmx1XC93cC1jb250ZW50XC91cGxvYWRzXC8yMDI0XC8xMVwvRHlzLVBvc2l0aXYucG5nIiwic2xpZGVzaG93IjoiNjdmMTU4NCJ9\" href='https:\/\/www.cjf.lu\/wp-content\/uploads\/2024\/11\/Dys-Positiv.png'><img loading=\"lazy\" decoding=\"async\" width=\"768\" height=\"768\" src=\"https:\/\/www.cjf.lu\/wp-content\/uploads\/2024\/11\/Dys-Positiv-768x768.png\" class=\"attachment-medium_large size-medium_large\" alt=\"\" srcset=\"https:\/\/www.cjf.lu\/wp-content\/uploads\/2024\/11\/Dys-Positiv-768x768.png 768w, https:\/\/www.cjf.lu\/wp-content\/uploads\/2024\/11\/Dys-Positiv-300x300.png 300w, https:\/\/www.cjf.lu\/wp-content\/uploads\/2024\/11\/Dys-Positiv-150x150.png 150w, https:\/\/www.cjf.lu\/wp-content\/uploads\/2024\/11\/Dys-Positiv-550x550.png 550w, https:\/\/www.cjf.lu\/wp-content\/uploads\/2024\/11\/Dys-Positiv.png 800w\" sizes=\"(max-width: 768px) 100vw, 768px\" \/><\/a>\n\t\t\t<\/dt><\/dl><br style=\"clear: both\" \/><dl class='gallery-item'>\n\t\t\t<dt class='gallery-icon landscape'>\n\t\t\t\t<a data-elementor-open-lightbox=\"yes\" data-elementor-lightbox-slideshow=\"67f1584\" data-elementor-lightbox-title=\"Am Zechenhaischen\" data-e-action-hash=\"#elementor-action%3Aaction%3Dlightbox%26settings%3DeyJpZCI6MjU4NDgsInVybCI6Imh0dHBzOlwvXC93d3cuY2pmLmx1XC93cC1jb250ZW50XC91cGxvYWRzXC8yMDI0XC8xMVwvQW0tWmVjaGVuaGFpc2NoZW4ucG5nIiwic2xpZGVzaG93IjoiNjdmMTU4NCJ9\" href='https:\/\/www.cjf.lu\/wp-content\/uploads\/2024\/11\/Am-Zechenhaischen.png'><img loading=\"lazy\" decoding=\"async\" width=\"768\" height=\"768\" src=\"https:\/\/www.cjf.lu\/wp-content\/uploads\/2024\/11\/Am-Zechenhaischen-768x768.png\" class=\"attachment-medium_large size-medium_large\" alt=\"\" srcset=\"https:\/\/www.cjf.lu\/wp-content\/uploads\/2024\/11\/Am-Zechenhaischen-768x768.png 768w, https:\/\/www.cjf.lu\/wp-content\/uploads\/2024\/11\/Am-Zechenhaischen-300x300.png 300w, https:\/\/www.cjf.lu\/wp-content\/uploads\/2024\/11\/Am-Zechenhaischen-150x150.png 150w, https:\/\/www.cjf.lu\/wp-content\/uploads\/2024\/11\/Am-Zechenhaischen-550x550.png 550w, https:\/\/www.cjf.lu\/wp-content\/uploads\/2024\/11\/Am-Zechenhaischen.png 800w\" sizes=\"(max-width: 768px) 100vw, 768px\" \/><\/a>\n\t\t\t<\/dt><\/dl><dl class='gallery-item'>\n\t\t\t<dt class='gallery-icon landscape'>\n\t\t\t\t<a data-elementor-open-lightbox=\"yes\" data-elementor-lightbox-slideshow=\"67f1584\" data-elementor-lightbox-title=\"Charles et Julie\" data-e-action-hash=\"#elementor-action%3Aaction%3Dlightbox%26settings%3DeyJpZCI6MjU4NTAsInVybCI6Imh0dHBzOlwvXC93d3cuY2pmLmx1XC93cC1jb250ZW50XC91cGxvYWRzXC8yMDI0XC8xMVwvQ2hhcmxlcy1ldC1KdWxpZS5wbmciLCJzbGlkZXNob3ciOiI2N2YxNTg0In0%3D\" href='https:\/\/www.cjf.lu\/wp-content\/uploads\/2024\/11\/Charles-et-Julie.png'><img loading=\"lazy\" decoding=\"async\" width=\"768\" height=\"768\" src=\"https:\/\/www.cjf.lu\/wp-content\/uploads\/2024\/11\/Charles-et-Julie-768x768.png\" class=\"attachment-medium_large size-medium_large\" alt=\"\" srcset=\"https:\/\/www.cjf.lu\/wp-content\/uploads\/2024\/11\/Charles-et-Julie-768x768.png 768w, https:\/\/www.cjf.lu\/wp-content\/uploads\/2024\/11\/Charles-et-Julie-300x300.png 300w, https:\/\/www.cjf.lu\/wp-content\/uploads\/2024\/11\/Charles-et-Julie-150x150.png 150w, https:\/\/www.cjf.lu\/wp-content\/uploads\/2024\/11\/Charles-et-Julie-550x550.png 550w, https:\/\/www.cjf.lu\/wp-content\/uploads\/2024\/11\/Charles-et-Julie.png 800w\" sizes=\"(max-width: 768px) 100vw, 768px\" \/><\/a>\n\t\t\t<\/dt><\/dl><dl class='gallery-item'>\n\t\t\t<dt class='gallery-icon landscape'>\n\t\t\t\t<a data-elementor-open-lightbox=\"yes\" data-elementor-lightbox-slideshow=\"67f1584\" data-elementor-lightbox-title=\"Charles et Julie (2)\" data-e-action-hash=\"#elementor-action%3Aaction%3Dlightbox%26settings%3DeyJpZCI6MjU4NDksInVybCI6Imh0dHBzOlwvXC93d3cuY2pmLmx1XC93cC1jb250ZW50XC91cGxvYWRzXC8yMDI0XC8xMVwvQ2hhcmxlcy1ldC1KdWxpZS0yLnBuZyIsInNsaWRlc2hvdyI6IjY3ZjE1ODQifQ%3D%3D\" href='https:\/\/www.cjf.lu\/wp-content\/uploads\/2024\/11\/Charles-et-Julie-2.png'><img loading=\"lazy\" decoding=\"async\" width=\"768\" height=\"768\" src=\"https:\/\/www.cjf.lu\/wp-content\/uploads\/2024\/11\/Charles-et-Julie-2-768x768.png\" class=\"attachment-medium_large size-medium_large\" alt=\"\" srcset=\"https:\/\/www.cjf.lu\/wp-content\/uploads\/2024\/11\/Charles-et-Julie-2-768x768.png 768w, https:\/\/www.cjf.lu\/wp-content\/uploads\/2024\/11\/Charles-et-Julie-2-300x300.png 300w, https:\/\/www.cjf.lu\/wp-content\/uploads\/2024\/11\/Charles-et-Julie-2-150x150.png 150w, https:\/\/www.cjf.lu\/wp-content\/uploads\/2024\/11\/Charles-et-Julie-2-550x550.png 550w, https:\/\/www.cjf.lu\/wp-content\/uploads\/2024\/11\/Charles-et-Julie-2.png 800w\" sizes=\"(max-width: 768px) 100vw, 768px\" \/><\/a>\n\t\t\t<\/dt><\/dl><dl class='gallery-item'>\n\t\t\t<dt class='gallery-icon landscape'>\n\t\t\t\t<a data-elementor-open-lightbox=\"yes\" data-elementor-lightbox-slideshow=\"67f1584\" data-elementor-lightbox-title=\"Am Pescher_HK_Consdorf (3)\" data-e-action-hash=\"#elementor-action%3Aaction%3Dlightbox%26settings%3DeyJpZCI6MjU4NDYsInVybCI6Imh0dHBzOlwvXC93d3cuY2pmLmx1XC93cC1jb250ZW50XC91cGxvYWRzXC8yMDI0XC8xMVwvQW0tUGVzY2hlcl9IS19Db25zZG9yZi0zLnBuZyIsInNsaWRlc2hvdyI6IjY3ZjE1ODQifQ%3D%3D\" href='https:\/\/www.cjf.lu\/wp-content\/uploads\/2024\/11\/Am-Pescher_HK_Consdorf-3.png'><img loading=\"lazy\" decoding=\"async\" width=\"768\" height=\"768\" src=\"https:\/\/www.cjf.lu\/wp-content\/uploads\/2024\/11\/Am-Pescher_HK_Consdorf-3-768x768.png\" class=\"attachment-medium_large size-medium_large\" alt=\"\" srcset=\"https:\/\/www.cjf.lu\/wp-content\/uploads\/2024\/11\/Am-Pescher_HK_Consdorf-3-768x768.png 768w, https:\/\/www.cjf.lu\/wp-content\/uploads\/2024\/11\/Am-Pescher_HK_Consdorf-3-300x300.png 300w, https:\/\/www.cjf.lu\/wp-content\/uploads\/2024\/11\/Am-Pescher_HK_Consdorf-3-150x150.png 150w, https:\/\/www.cjf.lu\/wp-content\/uploads\/2024\/11\/Am-Pescher_HK_Consdorf-3-550x550.png 550w, https:\/\/www.cjf.lu\/wp-content\/uploads\/2024\/11\/Am-Pescher_HK_Consdorf-3.png 800w\" sizes=\"(max-width: 768px) 100vw, 768px\" \/><\/a>\n\t\t\t<\/dt><\/dl><br style=\"clear: both\" \/>\n\t\t<\/div>\n\t\t<\/div>\n\t\t\t\t\t\t<\/div>\n\t\t\t\t<\/div>\n\t\t\t\t\t<\/div>\n\t\t<\/div>\n\t\t\t\t\t<\/div>\n\t\t<\/section>\n\t\t\t\t<section class=\"elementor-section elementor-top-section elementor-element elementor-element-a6e747e elementor-section-boxed elementor-section-height-default elementor-section-height-default edgtf-elementor-container-no edgtf-section edgtf-parallax-section-holder-touch-disabled edgtf-parallax-section-no\" data-id=\"a6e747e\" data-element_type=\"section\" data-e-type=\"section\" data-settings=\"{&quot;_ha_eqh_enable&quot;:false}\">\n\t\t\t\t\t\t<div class=\"elementor-container elementor-column-gap-default\">\n\t\t\t\t\t<div class=\"elementor-column elementor-col-100 elementor-top-column elementor-element elementor-element-c7617fb\" data-id=\"c7617fb\" data-element_type=\"column\" data-e-type=\"column\">\n\t\t\t<div class=\"elementor-widget-wrap\">\n\t\t\t\t\t\t\t<\/div>\n\t\t<\/div>\n\t\t\t\t\t<\/div>\n\t\t<\/section>\n\t\t\t\t<\/div>\n\t\t","protected":false},"excerpt":{"rendered":"<p>Les Droits de l&rsquo;Enfant constituent le socle de notre travail au quotidien. Pourquoi ? Parce que ces droits garantissent \u00e0 chaque enfant et jeune la possibilit\u00e9 de s\u2019\u00e9panouir dans un environnement bienveillant, respectueux et \u00e9quitable. Ils sont un guide pour accompagner chaque enfant et jeune dans son d\u00e9veloppement personnel et collectif. Cette ann\u00e9e, le th\u00e8me&#8230;<\/p>\n","protected":false},"author":2,"featured_media":0,"parent":0,"menu_order":0,"comment_status":"closed","ping_status":"closed","template":"full-width.php","meta":{"_monsterinsights_skip_tracking":false,"_monsterinsights_sitenote_active":false,"_monsterinsights_sitenote_note":"","_monsterinsights_sitenote_category":0,"footnotes":""},"class_list":["post-25826","page","type-page","status-publish","hentry"],"_links":{"self":[{"href":"https:\/\/www.cjf.lu\/index.php?rest_route=\/wp\/v2\/pages\/25826","targetHints":{"allow":["GET"]}}],"collection":[{"href":"https:\/\/www.cjf.lu\/index.php?rest_route=\/wp\/v2\/pages"}],"about":[{"href":"https:\/\/www.cjf.lu\/index.php?rest_route=\/wp\/v2\/types\/page"}],"author":[{"embeddable":true,"href":"https:\/\/www.cjf.lu\/index.php?rest_route=\/wp\/v2\/users\/2"}],"replies":[{"embeddable":true,"href":"https:\/\/www.cjf.lu\/index.php?rest_route=%2Fwp%2Fv2%2Fcomments&post=25826"}],"version-history":[{"count":20,"href":"https:\/\/www.cjf.lu\/index.php?rest_route=\/wp\/v2\/pages\/25826\/revisions"}],"predecessor-version":[{"id":25879,"href":"https:\/\/www.cjf.lu\/index.php?rest_route=\/wp\/v2\/pages\/25826\/revisions\/25879"}],"wp:attachment":[{"href":"https:\/\/www.cjf.lu\/index.php?rest_route=%2Fwp%2Fv2%2Fmedia&parent=25826"}],"curies":[{"name":"wp","href":"https:\/\/api.w.org\/{rel}","templated":true}]}}