{"id":25470,"date":"2024-03-11T14:08:39","date_gmt":"2024-03-11T14:08:39","guid":{"rendered":"https:\/\/www.cjf.lu\/?page_id=25470"},"modified":"2024-03-20T10:10:36","modified_gmt":"2024-03-20T10:10:36","slug":"seeds-for-education","status":"publish","type":"page","link":"https:\/\/www.cjf.lu\/?page_id=25470","title":{"rendered":"Seeds for Education"},"content":{"rendered":"\t\t<div data-elementor-type=\"wp-page\" data-elementor-id=\"25470\" class=\"elementor elementor-25470\" data-elementor-settings=\"{&quot;ha_cmc_init_switcher&quot;:&quot;no&quot;}\">\n\t\t\t\t\t\t<section class=\"elementor-section elementor-top-section elementor-element elementor-element-dae6e1d elementor-section-boxed elementor-section-height-default elementor-section-height-default edgtf-elementor-container-no edgtf-section edgtf-parallax-section-holder-touch-disabled edgtf-parallax-section-no\" data-id=\"dae6e1d\" data-element_type=\"section\" data-e-type=\"section\" data-settings=\"{&quot;_ha_eqh_enable&quot;:false}\">\n\t\t\t\t\t\t<div class=\"elementor-container elementor-column-gap-default\">\n\t\t\t\t\t<div class=\"elementor-column elementor-col-100 elementor-top-column elementor-element elementor-element-4412a2c\" data-id=\"4412a2c\" data-element_type=\"column\" data-e-type=\"column\">\n\t\t\t<div class=\"elementor-widget-wrap elementor-element-populated\">\n\t\t\t\t\t\t<div class=\"elementor-element elementor-element-9391381 elementor-widget elementor-widget-wp-widget-rev-slider-widget\" data-id=\"9391381\" data-element_type=\"widget\" data-e-type=\"widget\" data-widget_type=\"wp-widget-rev-slider-widget.default\">\n\t\t\t\t<div class=\"elementor-widget-container\">\n\t\t\t\t\t\n\t\t\t<!-- START Slider 2 REVOLUTION SLIDER 6.4.11 --><p class=\"rs-p-wp-fix\"><\/p>\n\t\t\t<rs-module-wrap id=\"rev_slider_80_1_wrapper\" data-source=\"gallery\" style=\"background:transparent;padding:0;margin:0px auto;margin-top:0;margin-bottom:0;\">\n\t\t\t\t<rs-module id=\"rev_slider_80_1\" style=\"\" data-version=\"6.4.11\">\n\t\t\t\t\t<rs-slides>\n\t\t\t\t\t\t<rs-slide data-key=\"rs-105\" data-title=\"Slide\" data-in=\"o:0;\" data-out=\"a:false;\">\n\t\t\t\t\t\t\t<img decoding=\"async\" src=\"\/\/www.cjf.lu\/wp-content\/plugins\/revslider\/public\/assets\/assets\/transparent.png\" alt=\"Slide\" title=\"Seeds for Education\" class=\"rev-slidebg tp-rs-img\" data-no-retina>\n<!--\n\t\t\t\t\t\t\t--><rs-layer\n\t\t\t\t\t\t\t\tid=\"slider-80-slide-105-layer-0\" \n\t\t\t\t\t\t\t\tdata-type=\"image\"\n\t\t\t\t\t\t\t\tdata-rsp_ch=\"on\"\n\t\t\t\t\t\t\t\tdata-xy=\"x:8px;y:-549px;\"\n\t\t\t\t\t\t\t\tdata-text=\"w:normal;\"\n\t\t\t\t\t\t\t\tdata-dim=\"w:100%;h:2530px;\"\n\t\t\t\t\t\t\t\tdata-frame_999=\"o:0;st:w;\"\n\t\t\t\t\t\t\t\tstyle=\"z-index:8;\"\n\t\t\t\t\t\t\t><img fetchpriority=\"high\" decoding=\"async\" src=\"\/\/www.cjf.lu\/wp-content\/uploads\/2024\/03\/UPFoundation_Philharmonie_Final_WEB_Sturm-149.jpg\" class=\"tp-rs-img\" width=\"1365\" height=\"2048\" data-c=\"fullwidth\" data-no-retina> \n\t\t\t\t\t\t\t<\/rs-layer><!--\n\n\t\t\t\t\t\t\t--><rs-layer\n\t\t\t\t\t\t\t\tid=\"slider-80-slide-105-layer-1\" \n\t\t\t\t\t\t\t\tdata-type=\"text\"\n\t\t\t\t\t\t\t\tdata-color=\"#000000\"\n\t\t\t\t\t\t\t\tdata-rsp_ch=\"on\"\n\t\t\t\t\t\t\t\tdata-xy=\"x:39px;y:167px;\"\n\t\t\t\t\t\t\t\tdata-text=\"w:normal;s:65;l:72;ls:2;fw:500;a:inherit;\"\n\t\t\t\t\t\t\t\tdata-dim=\"w:654;h:264;\"\n\t\t\t\t\t\t\t\tdata-frame_999=\"o:0;st:w;\"\n\t\t\t\t\t\t\t\tstyle=\"z-index:9;font-family:Roboto;\"\n\t\t\t\t\t\t\t> <span style = 'color;'>Seeds \n<\/br>For \n<\/br>Education\n<\/br>Avec<\/br><\/span> \n\t\t\t\t\t\t\t<\/rs-layer><!--\n\n\t\t\t\t\t\t\t--><rs-layer\n\t\t\t\t\t\t\t\tid=\"slider-80-slide-105-layer-3\" \n\t\t\t\t\t\t\t\tdata-type=\"image\"\n\t\t\t\t\t\t\t\tdata-rsp_ch=\"on\"\n\t\t\t\t\t\t\t\tdata-xy=\"x:39px;y:465px;\"\n\t\t\t\t\t\t\t\tdata-text=\"w:normal;\"\n\t\t\t\t\t\t\t\tdata-dim=\"w:362px;h:101px;\"\n\t\t\t\t\t\t\t\tdata-frame_999=\"o:0;st:w;\"\n\t\t\t\t\t\t\t\tstyle=\"z-index:10;\"\n\t\t\t\t\t\t\t><img decoding=\"async\" src=\"\/\/www.cjf.lu\/wp-content\/uploads\/2024\/03\/UP_foundation_logo_baseline_Bildung-brauch-dgesellschaft_cmyk-4.jpg\" class=\"tp-rs-img\" width=\"2428\" height=\"680\" data-no-retina> \n\t\t\t\t\t\t\t<\/rs-layer><!--\n-->\t\t\t\t\t\t<\/rs-slide>\n\t\t\t\t\t<\/rs-slides>\n\t\t\t\t<\/rs-module>\n\t\t\t\t<script type=\"text\/javascript\">\n\t\t\t\t\tsetREVStartSize({c: 'rev_slider_80_1',rl:[1240,1024,778,480],el:[900],gw:[1240],gh:[900],type:'standard',justify:'',layout:'fullwidth',mh:\"0\"});\n\t\t\t\t\tvar\trevapi80,\n\t\t\t\t\t\ttpj;\n\t\t\t\t\tfunction revinit_revslider801() {\n\t\t\t\t\tjQuery(function() {\n\t\t\t\t\t\ttpj = jQuery;\n\t\t\t\t\t\trevapi80 = tpj(\"#rev_slider_80_1\");\n\t\t\t\t\t\tif(revapi80==undefined || revapi80.revolution == undefined){\n\t\t\t\t\t\t\trevslider_showDoubleJqueryError(\"rev_slider_80_1\");\n\t\t\t\t\t\t}else{\n\t\t\t\t\t\t\trevapi80.revolution({\n\t\t\t\t\t\t\t\tDPR:\"dpr\",\n\t\t\t\t\t\t\t\tsliderLayout:\"fullwidth\",\n\t\t\t\t\t\t\t\tvisibilityLevels:\"1240,1024,778,480\",\n\t\t\t\t\t\t\t\tgridwidth:1240,\n\t\t\t\t\t\t\t\tgridheight:900,\n\t\t\t\t\t\t\t\tperspective:600,\n\t\t\t\t\t\t\t\tperspectiveType:\"global\",\n\t\t\t\t\t\t\t\teditorheight:\"900,768,960,720\",\n\t\t\t\t\t\t\t\tresponsiveLevels:\"1240,1024,778,480\",\n\t\t\t\t\t\t\t\tprogressBar:{disableProgressBar:true},\n\t\t\t\t\t\t\t\tnavigation: {\n\t\t\t\t\t\t\t\t\tonHoverStop:false\n\t\t\t\t\t\t\t\t},\n\t\t\t\t\t\t\t\tfallbacks: {\n\t\t\t\t\t\t\t\t\tallowHTML5AutoPlayOnAndroid:true\n\t\t\t\t\t\t\t\t},\n\t\t\t\t\t\t\t});\n\t\t\t\t\t\t}\n\t\t\t\t\t\t\n\t\t\t\t\t});\n\t\t\t\t\t} \/\/ End of RevInitScript\n\t\t\t\tvar once_revslider801 = false;\n\t\t\t\tif (document.readyState === \"loading\") {document.addEventListener('readystatechange',function() { if((document.readyState === \"interactive\" || document.readyState === \"complete\") && !once_revslider801 ) { once_revslider801 = true; revinit_revslider801();}});} else {once_revslider801 = true; revinit_revslider801();}\n\t\t\t\t<\/script>\n\t\t\t<\/rs-module-wrap>\n\t\t\t<!-- END REVOLUTION SLIDER -->\n\t\t\t\t<\/div>\n\t\t\t\t<\/div>\n\t\t\t\t\t<\/div>\n\t\t<\/div>\n\t\t\t\t\t<\/div>\n\t\t<\/section>\n\t\t\t\t<section class=\"elementor-section elementor-top-section elementor-element elementor-element-3595282 edgtf-elementor-container-inner elementor-section-boxed elementor-section-height-default elementor-section-height-default edgtf-section edgtf-parallax-section-holder-touch-disabled edgtf-parallax-section-no\" data-id=\"3595282\" data-element_type=\"section\" data-e-type=\"section\" data-settings=\"{&quot;background_background&quot;:&quot;classic&quot;,&quot;_ha_eqh_enable&quot;:false}\">\n\t\t\t\t\t\t<div class=\"elementor-container elementor-column-gap-default\">\n\t\t\t\t\t<div class=\"elementor-column elementor-col-100 elementor-top-column elementor-element elementor-element-22068d2\" data-id=\"22068d2\" data-element_type=\"column\" data-e-type=\"column\">\n\t\t\t<div class=\"elementor-widget-wrap elementor-element-populated\">\n\t\t\t\t\t\t<div class=\"elementor-element elementor-element-19facb6 elementor-widget elementor-widget-text-editor\" data-id=\"19facb6\" data-element_type=\"widget\" data-e-type=\"widget\" data-widget_type=\"text-editor.default\">\n\t\t\t\t<div class=\"elementor-widget-container\">\n\t\t\t\t\t\t\t\t\t<p>Nous remercions chaleureusement\u00a0<strong><a href=\"https:\/\/upfoundation.lu\/\" target=\"_blank\" rel=\"noopener\">UP_FOUNDATION<\/a>\u00a0<\/strong>pour l&rsquo;opportunit\u00e9 offerte \u00e0 nos enfants de participer \u00e0 la cr\u00e9ation d&rsquo;un film et \u00e0 la mise en sc\u00e8ne des \u00ab\u00a0<strong><a href=\"https:\/\/upfoundation.lu\/soiree-seeds-for-education-philharmonie\/\">SEEDS for Education<\/a><\/strong>\u00a0\u00bb lors de la soir\u00e9e \u00a0\u00bb du 19 d\u00e9cembre 2023 \u00e0 la Philharmonie.\u00a0<\/p><p>Cet \u00e9v\u00e9nement a \u00e9t\u00e9 l\u2019occasion pour nos enfants de cultiver leur cr\u00e9ativit\u00e9 et leurs aptitudes artistiques tout en prenant conscience de l&rsquo;importance cruciale de l&rsquo;\u00e9ducation. L&rsquo;art et la danse sont des outils puissants pour stimuler la cr\u00e9ativit\u00e9, l&rsquo;expression personnelle et le d\u00e9veloppement holistique des enfants. Cette prestation leur a permis de mettre en lumi\u00e8re la mise en \u0153uvre de ces outils, leurs talents et leur investissement dans ce projet. Le r\u00e9sultat a \u00e9t\u00e9 pour tous, une soir\u00e9e riche en \u00e9motions et en d\u00e9couvertes\u00a0!<\/p><p>La mission de la fondation UP_FOUNDATION est de promouvoir l&rsquo;\u00e9ducation comme un outil fondamental pour le d\u00e9veloppement individuel et communautaire, en mettant l&rsquo;accent sur l&rsquo;acc\u00e8s \u00e0 une \u00e9ducation de qualit\u00e9 pour tous.<\/p><p>Le plaidoyer de \u00ab\u00a0SEEDS for Education\u00a0\u00bb vise \u00e0 sensibiliser l&rsquo;importance de l&rsquo;\u00e9ducation en tant que moteur de progr\u00e8s social et \u00e9conomique. \u00ab\u00a0SEEDS for Education\u00a0\u00bb s&rsquo;engage \u00e0 cr\u00e9er un environnement propice \u00e0 l&rsquo;apprentissage et \u00e0 l&rsquo;\u00e9panouissement de chaque individu.\u00a0<\/p><p>Nous vous invitons \u00e0 d\u00e9couvrir la vid\u00e9o de la soir\u00e9e du 19 d\u00e9cembre 2023 et le site internet d\u00e9di\u00e9 au playdoyer de \u00ab\u00a0SEEDS for education\u00a0\u00bb: <a href=\"https:\/\/seeds.upfoundation.lu\/fr\/accueil\/\">https:\/\/seeds.upfoundation.lu\/fr\/accueil\/\u00a0<\/a><\/p>\t\t\t\t\t\t\t\t<\/div>\n\t\t\t\t<\/div>\n\t\t\t\t<div class=\"elementor-element elementor-element-ac29501 elementor-widget elementor-widget-spacer\" data-id=\"ac29501\" data-element_type=\"widget\" data-e-type=\"widget\" data-widget_type=\"spacer.default\">\n\t\t\t\t<div class=\"elementor-widget-container\">\n\t\t\t\t\t\t\t<div class=\"elementor-spacer\">\n\t\t\t<div class=\"elementor-spacer-inner\"><\/div>\n\t\t<\/div>\n\t\t\t\t\t\t<\/div>\n\t\t\t\t<\/div>\n\t\t\t\t<div class=\"elementor-element elementor-element-b3511d7 elementor-widget elementor-widget-video\" data-id=\"b3511d7\" data-element_type=\"widget\" data-e-type=\"widget\" data-settings=\"{&quot;youtube_url&quot;:&quot;https:\\\/\\\/vimeo.com\\\/916617733&quot;,&quot;video_type&quot;:&quot;youtube&quot;,&quot;controls&quot;:&quot;yes&quot;}\" data-widget_type=\"video.default\">\n\t\t\t\t<div class=\"elementor-widget-container\">\n\t\t\t\t\t\t\t<div class=\"elementor-wrapper elementor-open-inline\">\n\t\t\t<div class=\"elementor-video\"><\/div>\t\t<\/div>\n\t\t\t\t\t\t<\/div>\n\t\t\t\t<\/div>\n\t\t\t\t<div class=\"elementor-element elementor-element-9198d82 elementor-widget elementor-widget-spacer\" data-id=\"9198d82\" data-element_type=\"widget\" data-e-type=\"widget\" data-widget_type=\"spacer.default\">\n\t\t\t\t<div class=\"elementor-widget-container\">\n\t\t\t\t\t\t\t<div class=\"elementor-spacer\">\n\t\t\t<div class=\"elementor-spacer-inner\"><\/div>\n\t\t<\/div>\n\t\t\t\t\t\t<\/div>\n\t\t\t\t<\/div>\n\t\t\t\t\t<\/div>\n\t\t<\/div>\n\t\t\t\t\t<\/div>\n\t\t<\/section>\n\t\t\t\t<section class=\"elementor-section elementor-top-section elementor-element elementor-element-03939b5 edgtf-elementor-container-inner elementor-section-boxed elementor-section-height-default elementor-section-height-default edgtf-section edgtf-parallax-section-holder-touch-disabled edgtf-parallax-section-no\" data-id=\"03939b5\" data-element_type=\"section\" data-e-type=\"section\" data-settings=\"{&quot;background_background&quot;:&quot;classic&quot;,&quot;_ha_eqh_enable&quot;:false}\">\n\t\t\t\t\t\t<div class=\"elementor-container elementor-column-gap-default\">\n\t\t\t\t\t<div class=\"elementor-column elementor-col-33 elementor-top-column elementor-element elementor-element-4464259\" data-id=\"4464259\" data-element_type=\"column\" data-e-type=\"column\">\n\t\t\t<div class=\"elementor-widget-wrap\">\n\t\t\t\t\t\t\t<\/div>\n\t\t<\/div>\n\t\t\t\t<div class=\"elementor-column elementor-col-33 elementor-top-column elementor-element elementor-element-22f35f8\" data-id=\"22f35f8\" data-element_type=\"column\" data-e-type=\"column\">\n\t\t\t<div class=\"elementor-widget-wrap\">\n\t\t\t\t\t\t\t<\/div>\n\t\t<\/div>\n\t\t\t\t<div class=\"elementor-column elementor-col-33 elementor-top-column elementor-element elementor-element-862eb08\" data-id=\"862eb08\" data-element_type=\"column\" data-e-type=\"column\">\n\t\t\t<div class=\"elementor-widget-wrap\">\n\t\t\t\t\t\t\t<\/div>\n\t\t<\/div>\n\t\t\t\t\t<\/div>\n\t\t<\/section>\n\t\t\t\t<\/div>\n\t\t","protected":false},"excerpt":{"rendered":"<p>Nous remercions chaleureusement\u00a0UP_FOUNDATION\u00a0pour l&rsquo;opportunit\u00e9 offerte \u00e0 nos enfants de participer \u00e0 la cr\u00e9ation d&rsquo;un film et \u00e0 la mise en sc\u00e8ne des \u00ab\u00a0SEEDS for Education\u00a0\u00bb lors de la soir\u00e9e \u00a0\u00bb du 19 d\u00e9cembre 2023 \u00e0 la Philharmonie.\u00a0 Cet \u00e9v\u00e9nement a \u00e9t\u00e9 l\u2019occasion pour nos enfants de cultiver leur cr\u00e9ativit\u00e9 et leurs aptitudes artistiques tout en&#8230;<\/p>\n","protected":false},"author":2,"featured_media":0,"parent":0,"menu_order":0,"comment_status":"closed","ping_status":"closed","template":"full-width.php","meta":{"_monsterinsights_skip_tracking":false,"_monsterinsights_sitenote_active":false,"_monsterinsights_sitenote_note":"","_monsterinsights_sitenote_category":0,"footnotes":""},"class_list":["post-25470","page","type-page","status-publish","hentry"],"_links":{"self":[{"href":"https:\/\/www.cjf.lu\/index.php?rest_route=\/wp\/v2\/pages\/25470","targetHints":{"allow":["GET"]}}],"collection":[{"href":"https:\/\/www.cjf.lu\/index.php?rest_route=\/wp\/v2\/pages"}],"about":[{"href":"https:\/\/www.cjf.lu\/index.php?rest_route=\/wp\/v2\/types\/page"}],"author":[{"embeddable":true,"href":"https:\/\/www.cjf.lu\/index.php?rest_route=\/wp\/v2\/users\/2"}],"replies":[{"embeddable":true,"href":"https:\/\/www.cjf.lu\/index.php?rest_route=%2Fwp%2Fv2%2Fcomments&post=25470"}],"version-history":[{"count":50,"href":"https:\/\/www.cjf.lu\/index.php?rest_route=\/wp\/v2\/pages\/25470\/revisions"}],"predecessor-version":[{"id":25564,"href":"https:\/\/www.cjf.lu\/index.php?rest_route=\/wp\/v2\/pages\/25470\/revisions\/25564"}],"wp:attachment":[{"href":"https:\/\/www.cjf.lu\/index.php?rest_route=%2Fwp%2Fv2%2Fmedia&parent=25470"}],"curies":[{"name":"wp","href":"https:\/\/api.w.org\/{rel}","templated":true}]}}