{"id":23728,"date":"2023-04-22T06:19:56","date_gmt":"2023-04-22T06:19:56","guid":{"rendered":"https:\/\/www.cjf.lu\/?page_id=23728"},"modified":"2024-07-22T07:46:51","modified_gmt":"2024-07-22T07:46:51","slug":"presse","status":"publish","type":"page","link":"https:\/\/www.cjf.lu\/?page_id=23728","title":{"rendered":"Presse"},"content":{"rendered":"\t\t<div data-elementor-type=\"wp-page\" data-elementor-id=\"23728\" class=\"elementor elementor-23728\" data-elementor-settings=\"{&quot;ha_cmc_init_switcher&quot;:&quot;no&quot;}\">\n\t\t\t\t\t\t<section class=\"elementor-section elementor-top-section elementor-element elementor-element-dae6e1d elementor-section-boxed elementor-section-height-default elementor-section-height-default edgtf-elementor-container-no edgtf-section edgtf-parallax-section-holder-touch-disabled edgtf-parallax-section-no\" data-id=\"dae6e1d\" data-element_type=\"section\" data-e-type=\"section\" data-settings=\"{&quot;_ha_eqh_enable&quot;:false}\">\n\t\t\t\t\t\t<div class=\"elementor-container elementor-column-gap-default\">\n\t\t\t\t\t<div class=\"elementor-column elementor-col-100 elementor-top-column elementor-element elementor-element-4412a2c\" data-id=\"4412a2c\" data-element_type=\"column\" data-e-type=\"column\">\n\t\t\t<div class=\"elementor-widget-wrap elementor-element-populated\">\n\t\t\t\t\t\t<div class=\"elementor-element elementor-element-9391381 elementor-widget elementor-widget-wp-widget-rev-slider-widget\" data-id=\"9391381\" data-element_type=\"widget\" data-e-type=\"widget\" data-widget_type=\"wp-widget-rev-slider-widget.default\">\n\t\t\t\t<div class=\"elementor-widget-container\">\n\t\t\t\t\t\n\t\t\t<!-- START Presse REVOLUTION SLIDER 6.4.11 --><p class=\"rs-p-wp-fix\"><\/p>\n\t\t\t<rs-module-wrap id=\"rev_slider_70_1_wrapper\" data-source=\"gallery\" style=\"background:transparent;padding:0;\">\n\t\t\t\t<rs-module id=\"rev_slider_70_1\" style=\"\" data-version=\"6.4.11\">\n\t\t\t\t\t<rs-slides>\n\t\t\t\t\t\t<rs-slide data-key=\"rs-84\" data-title=\"Slide\" data-in=\"o:0;\" data-out=\"a:false;\">\n\t\t\t\t\t\t\t<img fetchpriority=\"high\" decoding=\"async\" src=\"\/\/www.cjf.lu\/wp-content\/uploads\/2023\/04\/Entete.jpg\" title=\"Entete\" width=\"1920\" height=\"1100\" class=\"rev-slidebg tp-rs-img\" data-parallax=\"8\" data-no-retina>\n<!--\n\t\t\t\t\t\t\t--><rs-layer\n\t\t\t\t\t\t\t\tid=\"slider-70-slide-84-layer-6\" \n\t\t\t\t\t\t\t\tdata-type=\"text\"\n\t\t\t\t\t\t\t\tdata-xy=\"x:l,l,c,l;xo:1px,-70px,-42px,0;y:m;yo:-34px,-46px,-320px,-86px;\"\n\t\t\t\t\t\t\t\tdata-text=\"w:normal;s:70,50,40,35;l:90,70,60,55;fw:700;a:inherit;\"\n\t\t\t\t\t\t\t\tdata-dim=\"w:708px,497px,449px,278px;h:364px,367px,242px,auto;\"\n\t\t\t\t\t\t\t\tdata-rsp_bd=\"off\"\n\t\t\t\t\t\t\t\tdata-frame_0=\"x:50px;\"\n\t\t\t\t\t\t\t\tdata-frame_1=\"e:back.out;st:200;sp:500;sR:200;\"\n\t\t\t\t\t\t\t\tdata-frame_999=\"o:0;st:w;sR:3300;\"\n\t\t\t\t\t\t\t\tstyle=\"z-index:5;font-family:Merriweather;\"\n\t\t\t\t\t\t\t> <span style = 'color: #ffb422;'>Presse<\/span> \n\t\t\t\t\t\t\t<\/rs-layer><!--\n-->\t\t\t\t\t\t<\/rs-slide>\n\t\t\t\t\t<\/rs-slides>\n\t\t\t\t<\/rs-module>\n\t\t\t\t<script type=\"text\/javascript\">\n\t\t\t\t\tsetREVStartSize({c: 'rev_slider_70_1',rl:[1240,1024,778,480],el:[700,600,800,500],gw:[1300,800,600,300],gh:[700,600,800,500],type:'standard',justify:'',layout:'fullscreen',offsetContainer:'.touch .edgtf-mobile-header',offset:'',mh:\"0\"});\n\t\t\t\t\tvar\trevapi70,\n\t\t\t\t\t\ttpj;\n\t\t\t\t\tfunction revinit_revslider701() {\n\t\t\t\t\tjQuery(function() {\n\t\t\t\t\t\ttpj = jQuery;\n\t\t\t\t\t\trevapi70 = tpj(\"#rev_slider_70_1\");\n\t\t\t\t\t\tif(revapi70==undefined || revapi70.revolution == undefined){\n\t\t\t\t\t\t\trevslider_showDoubleJqueryError(\"rev_slider_70_1\");\n\t\t\t\t\t\t}else{\n\t\t\t\t\t\t\trevapi70.revolution({\n\t\t\t\t\t\t\t\tDPR:\"dpr\",\n\t\t\t\t\t\t\t\tsliderLayout:\"fullscreen\",\n\t\t\t\t\t\t\t\tduration:4000,\n\t\t\t\t\t\t\t\tvisibilityLevels:\"1240,1024,778,480\",\n\t\t\t\t\t\t\t\tgridwidth:\"1300,800,600,300\",\n\t\t\t\t\t\t\t\tgridheight:\"700,600,800,500\",\n\t\t\t\t\t\t\t\tspinner:\"spinner2\",\n\t\t\t\t\t\t\t\tperspective:600,\n\t\t\t\t\t\t\t\tperspectiveType:\"local\",\n\t\t\t\t\t\t\t\teditorheight:\"700,600,800,500\",\n\t\t\t\t\t\t\t\tresponsiveLevels:\"1240,1024,778,480\",\n\t\t\t\t\t\t\t\tfullScreenOffsetContainer:\".touch .edgtf-mobile-header\",\n\t\t\t\t\t\t\t\tprogressBar:{disableProgressBar:true},\n\t\t\t\t\t\t\t\tnavigation: {\n\t\t\t\t\t\t\t\t\tonHoverStop:false\n\t\t\t\t\t\t\t\t},\n\t\t\t\t\t\t\t\tparallax: {\n\t\t\t\t\t\t\t\t\tlevels:[5,10,15,20,25,30,35,40,45,46,47,48,49,50,51,55],\n\t\t\t\t\t\t\t\t\ttype:\"mouse\"\n\t\t\t\t\t\t\t\t},\n\t\t\t\t\t\t\t\tfanim: {\n\t\t\t\t\t\t\t\t\tin:{\"o\":0},\n\t\t\t\t\t\t\t\t\tout:{\"a\":false},\n\t\t\t\t\t\t\t\t\tspeed:300\n\t\t\t\t\t\t\t\t},\n\t\t\t\t\t\t\t\tfallbacks: {\n\t\t\t\t\t\t\t\t\tallowHTML5AutoPlayOnAndroid:true\n\t\t\t\t\t\t\t\t},\n\t\t\t\t\t\t\t});\n\t\t\t\t\t\t}\n\t\t\t\t\t\t\n\t\t\t\t\t});\n\t\t\t\t\t} \/\/ End of RevInitScript\n\t\t\t\tvar once_revslider701 = false;\n\t\t\t\tif (document.readyState === \"loading\") {document.addEventListener('readystatechange',function() { if((document.readyState === \"interactive\" || document.readyState === \"complete\") && !once_revslider701 ) { once_revslider701 = true; revinit_revslider701();}});} else {once_revslider701 = true; revinit_revslider701();}\n\t\t\t\t<\/script>\n\t\t\t\t<script>\n\t\t\t\t\tvar htmlDivCss = unescape(\"%23rev_slider_70_1_wrapper%20rs-loader.spinner2%7B%20background-color%3A%20%23ffb422%20%21important%3B%20%7D\");\n\t\t\t\t\tvar htmlDiv = document.getElementById('rs-plugin-settings-inline-css');\n\t\t\t\t\tif(htmlDiv) {\n\t\t\t\t\t\thtmlDiv.innerHTML = htmlDiv.innerHTML + htmlDivCss;\n\t\t\t\t\t}else{\n\t\t\t\t\t\tvar htmlDiv = document.createElement('div');\n\t\t\t\t\t\thtmlDiv.innerHTML = '<style>' + htmlDivCss + '<\/style>';\n\t\t\t\t\t\tdocument.getElementsByTagName('head')[0].appendChild(htmlDiv.childNodes[0]);\n\t\t\t\t\t}\n\t\t\t\t<\/script>\n\t\t\t<\/rs-module-wrap>\n\t\t\t<!-- END REVOLUTION SLIDER -->\n\t\t\t\t<\/div>\n\t\t\t\t<\/div>\n\t\t\t\t\t<\/div>\n\t\t<\/div>\n\t\t\t\t\t<\/div>\n\t\t<\/section>\n\t\t\t\t<section class=\"elementor-section elementor-top-section elementor-element elementor-element-d2e4936 elementor-section-boxed elementor-section-height-default elementor-section-height-default edgtf-elementor-container-no edgtf-section edgtf-parallax-section-holder-touch-disabled edgtf-parallax-section-no\" data-id=\"d2e4936\" data-element_type=\"section\" data-e-type=\"section\" data-settings=\"{&quot;_ha_eqh_enable&quot;:false}\">\n\t\t\t\t\t\t<div class=\"elementor-container elementor-column-gap-default\">\n\t\t\t\t\t<div class=\"elementor-column elementor-col-100 elementor-top-column elementor-element elementor-element-9596015\" data-id=\"9596015\" data-element_type=\"column\" data-e-type=\"column\">\n\t\t\t<div class=\"elementor-widget-wrap elementor-element-populated\">\n\t\t\t\t\t\t<div class=\"elementor-element elementor-element-6847865 elementor-widget elementor-widget-edgtf_separator\" data-id=\"6847865\" data-element_type=\"widget\" data-e-type=\"widget\" data-widget_type=\"edgtf_separator.default\">\n\t\t\t\t<div class=\"elementor-widget-container\">\n\t\t\t\t\t<div class=\"edgtf-separator-holder clearfix  edgtf-separator-center edgtf-separator-normal\">\n\t<div class=\"edgtf-separator\" style=\"border-color: #FFB422;width: 55px;border-bottom-width: 3px;margin-top: 0px\"><\/div>\n<\/div>\n\t\t\t\t<\/div>\n\t\t\t\t<\/div>\n\t\t\t\t\t<\/div>\n\t\t<\/div>\n\t\t\t\t\t<\/div>\n\t\t<\/section>\n\t\t\t\t<section class=\"elementor-section elementor-top-section elementor-element elementor-element-143f14f elementor-section-boxed elementor-section-height-default elementor-section-height-default edgtf-elementor-container-no edgtf-section edgtf-parallax-section-holder-touch-disabled edgtf-parallax-section-no\" data-id=\"143f14f\" data-element_type=\"section\" data-e-type=\"section\" data-settings=\"{&quot;_ha_eqh_enable&quot;:false}\">\n\t\t\t\t\t\t<div class=\"elementor-container elementor-column-gap-default\">\n\t\t\t\t\t<div class=\"elementor-column elementor-col-50 elementor-top-column elementor-element elementor-element-d89fc66\" data-id=\"d89fc66\" data-element_type=\"column\" data-e-type=\"column\">\n\t\t\t<div class=\"elementor-widget-wrap elementor-element-populated\">\n\t\t\t\t\t\t<div class=\"elementor-element elementor-element-de1af62 elementor-widget elementor-widget-text-editor\" data-id=\"de1af62\" data-element_type=\"widget\" data-e-type=\"widget\" data-widget_type=\"text-editor.default\">\n\t\t\t\t<div class=\"elementor-widget-container\">\n\t\t\t\t\t\t\t\t\t<h2><b>Une Journ\u00e9e consacr\u00e9e aux d\u00e9fenseurs de la terre<\/b><\/h2>\t\t\t\t\t\t\t\t<\/div>\n\t\t\t\t<\/div>\n\t\t\t\t<div class=\"elementor-element elementor-element-7e85eaf elementor-widget elementor-widget-text-editor\" data-id=\"7e85eaf\" data-element_type=\"widget\" data-e-type=\"widget\" data-widget_type=\"text-editor.default\">\n\t\t\t\t<div class=\"elementor-widget-container\">\n\t\t\t\t\t\t\t\t\t<p style=\"font-weight: 400;\">Caritas Jeunes et Familles et son service youngcaritas ont organis\u00e9 le \u00ab\u00a0Weltesch\u00fctzer\u00a0\u00bb le jeudi 12 avril 2023, un \u00e9v\u00e8nement unique promouvant la d\u00e9fense de la terre. Un vrai succ\u00e8s\u00a0!<\/p><p style=\"font-weight: 400;\">Plus de 430 enfants de 4 \u00e0 12 ans, entour\u00e9s de plus de 80 \u00e9ducateurs des structures d\u2019accueil de Caritas Jeunes et Familles, se sont rendus \u00e0 la Maison Relais de Schuttrange. Les enfants et les adultes ont pu y d\u00e9couvrir et explorer les 25 ateliers organis\u00e9s autour des grands enjeux d\u2019actualit\u00e9 de la d\u00e9fense de la terre.<\/p>\t\t\t\t\t\t\t\t<\/div>\n\t\t\t\t<\/div>\n\t\t\t\t<div class=\"elementor-element elementor-element-6b194b9 elementor-widget elementor-widget-button\" data-id=\"6b194b9\" data-element_type=\"widget\" data-e-type=\"widget\" data-widget_type=\"button.default\">\n\t\t\t\t<div class=\"elementor-widget-container\">\n\t\t\t\t\t\t\t\t\t<div class=\"elementor-button-wrapper\">\n\t\t\t\t\t<a class=\"elementor-button elementor-button-link elementor-size-sm\" href=\"https:\/\/www.cjf.lu\/wp-content\/uploads\/2023\/04\/Welteschutzer-Le-Quotidien.jpeg\">\n\t\t\t\t\t\t<span class=\"elementor-button-content-wrapper\">\n\t\t\t\t\t\t\t\t\t<span class=\"elementor-button-text\">Article Le Quotidien<\/span>\n\t\t\t\t\t<\/span>\n\t\t\t\t\t<\/a>\n\t\t\t\t<\/div>\n\t\t\t\t\t\t\t\t<\/div>\n\t\t\t\t<\/div>\n\t\t\t\t<div class=\"elementor-element elementor-element-6f14b0f elementor-widget elementor-widget-button\" data-id=\"6f14b0f\" data-element_type=\"widget\" data-e-type=\"widget\" data-widget_type=\"button.default\">\n\t\t\t\t<div class=\"elementor-widget-container\">\n\t\t\t\t\t\t\t\t\t<div class=\"elementor-button-wrapper\">\n\t\t\t\t\t<a class=\"elementor-button elementor-button-link elementor-size-sm\" href=\"https:\/\/www.cjf.lu\/wp-content\/uploads\/2023\/04\/2DEF9FCA-989C-44EB-BC55-19123FD590A1.pdf\">\n\t\t\t\t\t\t<span class=\"elementor-button-content-wrapper\">\n\t\t\t\t\t\t\t\t\t<span class=\"elementor-button-text\">Article Luxemburger Wort<\/span>\n\t\t\t\t\t<\/span>\n\t\t\t\t\t<\/a>\n\t\t\t\t<\/div>\n\t\t\t\t\t\t\t\t<\/div>\n\t\t\t\t<\/div>\n\t\t\t\t\t<\/div>\n\t\t<\/div>\n\t\t\t\t<div class=\"elementor-column elementor-col-50 elementor-top-column elementor-element elementor-element-7a036cf\" data-id=\"7a036cf\" data-element_type=\"column\" data-e-type=\"column\">\n\t\t\t<div class=\"elementor-widget-wrap elementor-element-populated\">\n\t\t\t\t\t\t<div class=\"elementor-element elementor-element-7aef12d elementor-widget elementor-widget-image\" data-id=\"7aef12d\" data-element_type=\"widget\" data-e-type=\"widget\" data-widget_type=\"image.default\">\n\t\t\t\t<div class=\"elementor-widget-container\">\n\t\t\t\t\t\t\t\t\t\t\t\t\t\t\t<img decoding=\"async\" width=\"1024\" height=\"1024\" src=\"https:\/\/www.cjf.lu\/wp-content\/uploads\/2023\/04\/Welteschutzer-Image-Sondage.png\" class=\"attachment-large size-large wp-image-23744\" alt=\"\" srcset=\"https:\/\/www.cjf.lu\/wp-content\/uploads\/2023\/04\/Welteschutzer-Image-Sondage.png 1024w, https:\/\/www.cjf.lu\/wp-content\/uploads\/2023\/04\/Welteschutzer-Image-Sondage-300x300.png 300w, https:\/\/www.cjf.lu\/wp-content\/uploads\/2023\/04\/Welteschutzer-Image-Sondage-150x150.png 150w, https:\/\/www.cjf.lu\/wp-content\/uploads\/2023\/04\/Welteschutzer-Image-Sondage-768x768.png 768w, https:\/\/www.cjf.lu\/wp-content\/uploads\/2023\/04\/Welteschutzer-Image-Sondage-550x550.png 550w, https:\/\/www.cjf.lu\/wp-content\/uploads\/2023\/04\/Welteschutzer-Image-Sondage-1000x1000.png 1000w\" sizes=\"(max-width: 1024px) 100vw, 1024px\" \/>\t\t\t\t\t\t\t\t\t\t\t\t\t\t\t<\/div>\n\t\t\t\t<\/div>\n\t\t\t\t\t<\/div>\n\t\t<\/div>\n\t\t\t\t\t<\/div>\n\t\t<\/section>\n\t\t\t\t<section class=\"elementor-section elementor-top-section elementor-element elementor-element-c3ac17b elementor-section-boxed elementor-section-height-default elementor-section-height-default edgtf-elementor-container-no edgtf-section edgtf-parallax-section-holder-touch-disabled edgtf-parallax-section-no\" data-id=\"c3ac17b\" data-element_type=\"section\" data-e-type=\"section\" data-settings=\"{&quot;_ha_eqh_enable&quot;:false}\">\n\t\t\t\t\t\t<div class=\"elementor-container elementor-column-gap-default\">\n\t\t\t\t\t<div class=\"elementor-column elementor-col-100 elementor-top-column elementor-element elementor-element-ebfd6a6\" data-id=\"ebfd6a6\" data-element_type=\"column\" data-e-type=\"column\">\n\t\t\t<div class=\"elementor-widget-wrap elementor-element-populated\">\n\t\t\t\t\t\t<div class=\"elementor-element elementor-element-2efa9db elementor-widget elementor-widget-edgtf_separator\" data-id=\"2efa9db\" data-element_type=\"widget\" data-e-type=\"widget\" data-widget_type=\"edgtf_separator.default\">\n\t\t\t\t<div class=\"elementor-widget-container\">\n\t\t\t\t\t<div class=\"edgtf-separator-holder clearfix  edgtf-separator-center edgtf-separator-normal\">\n\t<div class=\"edgtf-separator\" style=\"border-color: #FFB422;width: 55px;border-bottom-width: 3px;margin-top: 0px\"><\/div>\n<\/div>\n\t\t\t\t<\/div>\n\t\t\t\t<\/div>\n\t\t\t\t\t<\/div>\n\t\t<\/div>\n\t\t\t\t\t<\/div>\n\t\t<\/section>\n\t\t\t\t<\/div>\n\t\t","protected":false},"excerpt":{"rendered":"<p>Une Journ\u00e9e consacr\u00e9e aux d\u00e9fenseurs de la terre Caritas Jeunes et Familles et son service youngcaritas ont organis\u00e9 le \u00ab\u00a0Weltesch\u00fctzer\u00a0\u00bb le jeudi 12 avril 2023, un \u00e9v\u00e8nement unique promouvant la d\u00e9fense de la terre. Un vrai succ\u00e8s\u00a0! Plus de 430 enfants de 4 \u00e0 12 ans, entour\u00e9s de plus de 80 \u00e9ducateurs des structures d\u2019accueil&#8230;<\/p>\n","protected":false},"author":3,"featured_media":0,"parent":0,"menu_order":0,"comment_status":"closed","ping_status":"closed","template":"full-width.php","meta":{"_monsterinsights_skip_tracking":false,"_monsterinsights_sitenote_active":false,"_monsterinsights_sitenote_note":"","_monsterinsights_sitenote_category":0,"footnotes":""},"class_list":["post-23728","page","type-page","status-publish","hentry"],"_links":{"self":[{"href":"https:\/\/www.cjf.lu\/index.php?rest_route=\/wp\/v2\/pages\/23728","targetHints":{"allow":["GET"]}}],"collection":[{"href":"https:\/\/www.cjf.lu\/index.php?rest_route=\/wp\/v2\/pages"}],"about":[{"href":"https:\/\/www.cjf.lu\/index.php?rest_route=\/wp\/v2\/types\/page"}],"author":[{"embeddable":true,"href":"https:\/\/www.cjf.lu\/index.php?rest_route=\/wp\/v2\/users\/3"}],"replies":[{"embeddable":true,"href":"https:\/\/www.cjf.lu\/index.php?rest_route=%2Fwp%2Fv2%2Fcomments&post=23728"}],"version-history":[{"count":37,"href":"https:\/\/www.cjf.lu\/index.php?rest_route=\/wp\/v2\/pages\/23728\/revisions"}],"predecessor-version":[{"id":25740,"href":"https:\/\/www.cjf.lu\/index.php?rest_route=\/wp\/v2\/pages\/23728\/revisions\/25740"}],"wp:attachment":[{"href":"https:\/\/www.cjf.lu\/index.php?rest_route=%2Fwp%2Fv2%2Fmedia&parent=23728"}],"curies":[{"name":"wp","href":"https:\/\/api.w.org\/{rel}","templated":true}]}}