{"id":22818,"date":"2023-02-24T21:35:59","date_gmt":"2023-02-24T21:35:59","guid":{"rendered":"https:\/\/www.cjf.lu\/?page_id=22818"},"modified":"2023-03-02T17:48:54","modified_gmt":"2023-03-02T17:48:54","slug":"planting-languages","status":"publish","type":"page","link":"https:\/\/www.cjf.lu\/?page_id=22818","title":{"rendered":"Planting languages"},"content":{"rendered":"\t\t<div data-elementor-type=\"wp-page\" data-elementor-id=\"22818\" class=\"elementor elementor-22818\" data-elementor-settings=\"{&quot;ha_cmc_init_switcher&quot;:&quot;no&quot;}\">\n\t\t\t\t\t\t<section class=\"elementor-section elementor-top-section elementor-element elementor-element-dae6e1d elementor-section-boxed elementor-section-height-default elementor-section-height-default edgtf-elementor-container-no edgtf-section edgtf-parallax-section-holder-touch-disabled edgtf-parallax-section-no\" data-id=\"dae6e1d\" data-element_type=\"section\" data-e-type=\"section\" data-settings=\"{&quot;_ha_eqh_enable&quot;:false}\">\n\t\t\t\t\t\t<div class=\"elementor-container elementor-column-gap-default\">\n\t\t\t\t\t<div class=\"elementor-column elementor-col-100 elementor-top-column elementor-element elementor-element-4412a2c\" data-id=\"4412a2c\" data-element_type=\"column\" data-e-type=\"column\">\n\t\t\t<div class=\"elementor-widget-wrap elementor-element-populated\">\n\t\t\t\t\t\t<div class=\"elementor-element elementor-element-9391381 elementor-widget elementor-widget-wp-widget-rev-slider-widget\" data-id=\"9391381\" data-element_type=\"widget\" data-e-type=\"widget\" data-widget_type=\"wp-widget-rev-slider-widget.default\">\n\t\t\t\t<div class=\"elementor-widget-container\">\n\t\t\t\t\t\n\t\t\t<!-- START planting languages REVOLUTION SLIDER 6.4.11 --><p class=\"rs-p-wp-fix\"><\/p>\n\t\t\t<rs-module-wrap id=\"rev_slider_64_1_wrapper\" data-source=\"gallery\" style=\"background:transparent;padding:0;\">\n\t\t\t\t<rs-module id=\"rev_slider_64_1\" style=\"\" data-version=\"6.4.11\">\n\t\t\t\t\t<rs-slides>\n\t\t\t\t\t\t<rs-slide data-key=\"rs-77\" data-title=\"Slide\" data-in=\"o:0;\" data-out=\"a:false;\">\n\t\t\t\t\t\t\t<img fetchpriority=\"high\" decoding=\"async\" src=\"\/\/www.cjf.lu\/wp-content\/uploads\/2023\/02\/Entete-17.jpg\" title=\"Entete\" width=\"1920\" height=\"1100\" class=\"rev-slidebg tp-rs-img\" data-parallax=\"8\" data-no-retina>\n<!--\n\t\t\t\t\t\t\t--><rs-layer\n\t\t\t\t\t\t\t\tid=\"slider-64-slide-77-layer-6\" \n\t\t\t\t\t\t\t\tdata-type=\"text\"\n\t\t\t\t\t\t\t\tdata-xy=\"x:l,l,c,l;xo:-1px,-70px,-42px,0;y:m;yo:-107px,-46px,-320px,-86px;\"\n\t\t\t\t\t\t\t\tdata-text=\"w:normal;s:70,50,40,35;l:90,70,60,55;fw:700;a:inherit;\"\n\t\t\t\t\t\t\t\tdata-dim=\"w:708px,497px,449px,278px;h:364px,367px,242px,auto;\"\n\t\t\t\t\t\t\t\tdata-rsp_bd=\"off\"\n\t\t\t\t\t\t\t\tdata-frame_0=\"x:50px;\"\n\t\t\t\t\t\t\t\tdata-frame_1=\"e:back.out;st:200;sp:500;sR:200;\"\n\t\t\t\t\t\t\t\tdata-frame_999=\"o:0;st:w;sR:3300;\"\n\t\t\t\t\t\t\t\tstyle=\"z-index:5;font-family:Merriweather;\"\n\t\t\t\t\t\t\t> <span style = 'color: #ffb422;'>Planting <\/br>languages<\/span> \n\t\t\t\t\t\t\t<\/rs-layer><!--\n-->\t\t\t\t\t\t<\/rs-slide>\n\t\t\t\t\t<\/rs-slides>\n\t\t\t\t<\/rs-module>\n\t\t\t\t<script type=\"text\/javascript\">\n\t\t\t\t\tsetREVStartSize({c: 'rev_slider_64_1',rl:[1240,1024,778,480],el:[700,600,800,500],gw:[1300,800,600,300],gh:[700,600,800,500],type:'standard',justify:'',layout:'fullscreen',offsetContainer:'.touch .edgtf-mobile-header',offset:'',mh:\"0\"});\n\t\t\t\t\tvar\trevapi64,\n\t\t\t\t\t\ttpj;\n\t\t\t\t\tfunction revinit_revslider641() {\n\t\t\t\t\tjQuery(function() {\n\t\t\t\t\t\ttpj = jQuery;\n\t\t\t\t\t\trevapi64 = tpj(\"#rev_slider_64_1\");\n\t\t\t\t\t\tif(revapi64==undefined || revapi64.revolution == undefined){\n\t\t\t\t\t\t\trevslider_showDoubleJqueryError(\"rev_slider_64_1\");\n\t\t\t\t\t\t}else{\n\t\t\t\t\t\t\trevapi64.revolution({\n\t\t\t\t\t\t\t\tDPR:\"dpr\",\n\t\t\t\t\t\t\t\tsliderLayout:\"fullscreen\",\n\t\t\t\t\t\t\t\tduration:4000,\n\t\t\t\t\t\t\t\tvisibilityLevels:\"1240,1024,778,480\",\n\t\t\t\t\t\t\t\tgridwidth:\"1300,800,600,300\",\n\t\t\t\t\t\t\t\tgridheight:\"700,600,800,500\",\n\t\t\t\t\t\t\t\tspinner:\"spinner2\",\n\t\t\t\t\t\t\t\tperspective:600,\n\t\t\t\t\t\t\t\tperspectiveType:\"local\",\n\t\t\t\t\t\t\t\teditorheight:\"700,600,800,500\",\n\t\t\t\t\t\t\t\tresponsiveLevels:\"1240,1024,778,480\",\n\t\t\t\t\t\t\t\tfullScreenOffsetContainer:\".touch .edgtf-mobile-header\",\n\t\t\t\t\t\t\t\tprogressBar:{disableProgressBar:true},\n\t\t\t\t\t\t\t\tnavigation: {\n\t\t\t\t\t\t\t\t\tonHoverStop:false\n\t\t\t\t\t\t\t\t},\n\t\t\t\t\t\t\t\tparallax: {\n\t\t\t\t\t\t\t\t\tlevels:[5,10,15,20,25,30,35,40,45,46,47,48,49,50,51,55],\n\t\t\t\t\t\t\t\t\ttype:\"mouse\"\n\t\t\t\t\t\t\t\t},\n\t\t\t\t\t\t\t\tfanim: {\n\t\t\t\t\t\t\t\t\tin:{\"o\":0},\n\t\t\t\t\t\t\t\t\tout:{\"a\":false},\n\t\t\t\t\t\t\t\t\tspeed:300\n\t\t\t\t\t\t\t\t},\n\t\t\t\t\t\t\t\tfallbacks: {\n\t\t\t\t\t\t\t\t\tallowHTML5AutoPlayOnAndroid:true\n\t\t\t\t\t\t\t\t},\n\t\t\t\t\t\t\t});\n\t\t\t\t\t\t}\n\t\t\t\t\t\t\n\t\t\t\t\t});\n\t\t\t\t\t} \/\/ End of RevInitScript\n\t\t\t\tvar once_revslider641 = false;\n\t\t\t\tif (document.readyState === \"loading\") {document.addEventListener('readystatechange',function() { if((document.readyState === \"interactive\" || document.readyState === \"complete\") && !once_revslider641 ) { once_revslider641 = true; revinit_revslider641();}});} else {once_revslider641 = true; revinit_revslider641();}\n\t\t\t\t<\/script>\n\t\t\t\t<script>\n\t\t\t\t\tvar htmlDivCss = unescape(\"%23rev_slider_64_1_wrapper%20rs-loader.spinner2%7B%20background-color%3A%20%23ffb422%20%21important%3B%20%7D\");\n\t\t\t\t\tvar htmlDiv = document.getElementById('rs-plugin-settings-inline-css');\n\t\t\t\t\tif(htmlDiv) {\n\t\t\t\t\t\thtmlDiv.innerHTML = htmlDiv.innerHTML + htmlDivCss;\n\t\t\t\t\t}else{\n\t\t\t\t\t\tvar htmlDiv = document.createElement('div');\n\t\t\t\t\t\thtmlDiv.innerHTML = '<style>' + htmlDivCss + '<\/style>';\n\t\t\t\t\t\tdocument.getElementsByTagName('head')[0].appendChild(htmlDiv.childNodes[0]);\n\t\t\t\t\t}\n\t\t\t\t<\/script>\n\t\t\t<\/rs-module-wrap>\n\t\t\t<!-- END REVOLUTION SLIDER -->\n\t\t\t\t<\/div>\n\t\t\t\t<\/div>\n\t\t\t\t\t<\/div>\n\t\t<\/div>\n\t\t\t\t\t<\/div>\n\t\t<\/section>\n\t\t\t\t<section class=\"elementor-section elementor-top-section elementor-element elementor-element-3595282 edgtf-elementor-container-inner elementor-section-boxed elementor-section-height-default elementor-section-height-default edgtf-section edgtf-parallax-section-holder-touch-disabled edgtf-parallax-section-no\" data-id=\"3595282\" data-element_type=\"section\" data-e-type=\"section\" data-settings=\"{&quot;background_background&quot;:&quot;classic&quot;,&quot;_ha_eqh_enable&quot;:false}\">\n\t\t\t\t\t\t<div class=\"elementor-container elementor-column-gap-default\">\n\t\t\t\t\t<div class=\"elementor-column elementor-col-100 elementor-top-column elementor-element elementor-element-22068d2\" data-id=\"22068d2\" data-element_type=\"column\" data-e-type=\"column\">\n\t\t\t<div class=\"elementor-widget-wrap elementor-element-populated\">\n\t\t\t\t\t\t<div class=\"elementor-element elementor-element-19facb6 elementor-widget elementor-widget-text-editor\" data-id=\"19facb6\" data-element_type=\"widget\" data-e-type=\"widget\" data-widget_type=\"text-editor.default\">\n\t\t\t\t<div class=\"elementor-widget-container\">\n\t\t\t\t\t\t\t\t\t<p style=\"font-weight: 400;\">Nous avons c\u00e9l\u00e9br\u00e9 la journ\u00e9e internationale de la langue maternelle le 21 F\u00e9vrier 2023 dans toutes nos structures de la petite enfance.<\/p><p style=\"font-weight: 400;\">Nous voulions profiter de ce moment, pour prendre conscience, reconnaitre et valoriser la diversit\u00e9 linguistique des enfants et de leurs familles.<\/p><p style=\"font-weight: 400;\">Nous nous sommes inspir\u00e9s du projet europ\u00e9en \u00ab\u00a0<a href=\"https:\/\/www.plantinglanguages.com\/moms-and-dads-fr\">planting languages<\/a>\u00a0\u00bb et avons ax\u00e9 notre action sur le th\u00e8me de la langue du c\u0153ur, la langue de notre c\u0153ur. Le langage du c\u0153ur est celui dans lequel nous nous sentons le plus \u00e0 l&rsquo;aise et dans lequel nous pouvons exprimer au mieux nos \u00e9motions.<\/p>\t\t\t\t\t\t\t\t<\/div>\n\t\t\t\t<\/div>\n\t\t\t\t<div class=\"elementor-element elementor-element-0d71718 elementor-widget elementor-widget-button\" data-id=\"0d71718\" data-element_type=\"widget\" data-e-type=\"widget\" data-widget_type=\"button.default\">\n\t\t\t\t<div class=\"elementor-widget-container\">\n\t\t\t\t\t\t\t\t\t<div class=\"elementor-button-wrapper\">\n\t\t\t\t\t<a class=\"elementor-button elementor-button-link elementor-size-sm\" href=\"https:\/\/www.linkedin.com\/feed\/update\/urn:li:activity:7033759822684508160\">\n\t\t\t\t\t\t<span class=\"elementor-button-content-wrapper\">\n\t\t\t\t\t\t\t\t\t<span class=\"elementor-button-text\">Publication LinkedIn<\/span>\n\t\t\t\t\t<\/span>\n\t\t\t\t\t<\/a>\n\t\t\t\t<\/div>\n\t\t\t\t\t\t\t\t<\/div>\n\t\t\t\t<\/div>\n\t\t\t\t<div class=\"elementor-element elementor-element-ac29501 elementor-widget elementor-widget-spacer\" data-id=\"ac29501\" data-element_type=\"widget\" data-e-type=\"widget\" data-widget_type=\"spacer.default\">\n\t\t\t\t<div class=\"elementor-widget-container\">\n\t\t\t\t\t\t\t<div class=\"elementor-spacer\">\n\t\t\t<div class=\"elementor-spacer-inner\"><\/div>\n\t\t<\/div>\n\t\t\t\t\t\t<\/div>\n\t\t\t\t<\/div>\n\t\t\t\t<div class=\"elementor-element elementor-element-f75fb86 elementor-widget elementor-widget-image-gallery\" data-id=\"f75fb86\" data-element_type=\"widget\" data-e-type=\"widget\" data-widget_type=\"image-gallery.default\">\n\t\t\t\t<div class=\"elementor-widget-container\">\n\t\t\t\t\t\t\t<div class=\"elementor-image-gallery\">\n\t\t\t\n\t\t<style type=\"text\/css\">\n\t\t\t#gallery-1 {\n\t\t\t\tmargin: auto;\n\t\t\t}\n\t\t\t#gallery-1 .gallery-item {\n\t\t\t\tfloat: left;\n\t\t\t\tmargin-top: 10px;\n\t\t\t\ttext-align: center;\n\t\t\t\twidth: 25%;\n\t\t\t}\n\t\t\t#gallery-1 img {\n\t\t\t\tborder: 2px solid #cfcfcf;\n\t\t\t}\n\t\t\t#gallery-1 .gallery-caption {\n\t\t\t\tmargin-left: 0;\n\t\t\t}\n\t\t\t\/* see gallery_shortcode() in wp-includes\/media.php *\/\n\t\t<\/style>\n\t\t<div id='gallery-1' class='gallery galleryid-22818 gallery-columns-4 gallery-size-medium'><dl class='gallery-item'>\n\t\t\t<dt class='gallery-icon landscape'>\n\t\t\t\t<a data-elementor-open-lightbox=\"yes\" data-elementor-lightbox-slideshow=\"f75fb86\" data-elementor-lightbox-title=\"301-0123001-CARITAS-flyer-Planting-Languages-caritas_F_web-01\" data-e-action-hash=\"#elementor-action%3Aaction%3Dlightbox%26settings%3DeyJpZCI6MjMwMDksInVybCI6Imh0dHBzOlwvXC93d3cuY2pmLmx1XC93cC1jb250ZW50XC91cGxvYWRzXC8yMDIzXC8wM1wvMzAxLTAxMjMwMDEtQ0FSSVRBUy1mbHllci1QbGFudGluZy1MYW5ndWFnZXMtY2FyaXRhc19GX3dlYi0wMS5qcGciLCJzbGlkZXNob3ciOiJmNzVmYjg2In0%3D\" href='https:\/\/www.cjf.lu\/wp-content\/uploads\/2023\/03\/301-0123001-CARITAS-flyer-Planting-Languages-caritas_F_web-01.jpg'><img decoding=\"async\" width=\"300\" height=\"300\" src=\"https:\/\/www.cjf.lu\/wp-content\/uploads\/2023\/03\/301-0123001-CARITAS-flyer-Planting-Languages-caritas_F_web-01-300x300.jpg\" class=\"attachment-medium size-medium\" alt=\"\" srcset=\"https:\/\/www.cjf.lu\/wp-content\/uploads\/2023\/03\/301-0123001-CARITAS-flyer-Planting-Languages-caritas_F_web-01-300x300.jpg 300w, https:\/\/www.cjf.lu\/wp-content\/uploads\/2023\/03\/301-0123001-CARITAS-flyer-Planting-Languages-caritas_F_web-01-1024x1024.jpg 1024w, https:\/\/www.cjf.lu\/wp-content\/uploads\/2023\/03\/301-0123001-CARITAS-flyer-Planting-Languages-caritas_F_web-01-150x150.jpg 150w, https:\/\/www.cjf.lu\/wp-content\/uploads\/2023\/03\/301-0123001-CARITAS-flyer-Planting-Languages-caritas_F_web-01-768x768.jpg 768w, https:\/\/www.cjf.lu\/wp-content\/uploads\/2023\/03\/301-0123001-CARITAS-flyer-Planting-Languages-caritas_F_web-01-1536x1536.jpg 1536w, https:\/\/www.cjf.lu\/wp-content\/uploads\/2023\/03\/301-0123001-CARITAS-flyer-Planting-Languages-caritas_F_web-01-550x550.jpg 550w, https:\/\/www.cjf.lu\/wp-content\/uploads\/2023\/03\/301-0123001-CARITAS-flyer-Planting-Languages-caritas_F_web-01-1000x1000.jpg 1000w, https:\/\/www.cjf.lu\/wp-content\/uploads\/2023\/03\/301-0123001-CARITAS-flyer-Planting-Languages-caritas_F_web-01.jpg 1772w\" sizes=\"(max-width: 300px) 100vw, 300px\" \/><\/a>\n\t\t\t<\/dt><\/dl><dl class='gallery-item'>\n\t\t\t<dt class='gallery-icon portrait'>\n\t\t\t\t<a data-elementor-open-lightbox=\"yes\" data-elementor-lightbox-slideshow=\"f75fb86\" data-elementor-lightbox-title=\"301-0123001-CARITAS-flyer-Planting-Languages-caritas_F_web-02\" data-e-action-hash=\"#elementor-action%3Aaction%3Dlightbox%26settings%3DeyJpZCI6MjMwMTAsInVybCI6Imh0dHBzOlwvXC93d3cuY2pmLmx1XC93cC1jb250ZW50XC91cGxvYWRzXC8yMDIzXC8wM1wvMzAxLTAxMjMwMDEtQ0FSSVRBUy1mbHllci1QbGFudGluZy1MYW5ndWFnZXMtY2FyaXRhc19GX3dlYi0wMi5qcGciLCJzbGlkZXNob3ciOiJmNzVmYjg2In0%3D\" href='https:\/\/www.cjf.lu\/wp-content\/uploads\/2023\/03\/301-0123001-CARITAS-flyer-Planting-Languages-caritas_F_web-02.jpg'><img decoding=\"async\" width=\"300\" height=\"300\" src=\"https:\/\/www.cjf.lu\/wp-content\/uploads\/2023\/03\/301-0123001-CARITAS-flyer-Planting-Languages-caritas_F_web-02-300x300.jpg\" class=\"attachment-medium size-medium\" alt=\"\" srcset=\"https:\/\/www.cjf.lu\/wp-content\/uploads\/2023\/03\/301-0123001-CARITAS-flyer-Planting-Languages-caritas_F_web-02-300x300.jpg 300w, https:\/\/www.cjf.lu\/wp-content\/uploads\/2023\/03\/301-0123001-CARITAS-flyer-Planting-Languages-caritas_F_web-02-1024x1024.jpg 1024w, https:\/\/www.cjf.lu\/wp-content\/uploads\/2023\/03\/301-0123001-CARITAS-flyer-Planting-Languages-caritas_F_web-02-150x150.jpg 150w, https:\/\/www.cjf.lu\/wp-content\/uploads\/2023\/03\/301-0123001-CARITAS-flyer-Planting-Languages-caritas_F_web-02-768x768.jpg 768w, https:\/\/www.cjf.lu\/wp-content\/uploads\/2023\/03\/301-0123001-CARITAS-flyer-Planting-Languages-caritas_F_web-02-1536x1536.jpg 1536w, https:\/\/www.cjf.lu\/wp-content\/uploads\/2023\/03\/301-0123001-CARITAS-flyer-Planting-Languages-caritas_F_web-02-550x550.jpg 550w, https:\/\/www.cjf.lu\/wp-content\/uploads\/2023\/03\/301-0123001-CARITAS-flyer-Planting-Languages-caritas_F_web-02-1000x1000.jpg 1000w, https:\/\/www.cjf.lu\/wp-content\/uploads\/2023\/03\/301-0123001-CARITAS-flyer-Planting-Languages-caritas_F_web-02.jpg 1772w\" sizes=\"(max-width: 300px) 100vw, 300px\" \/><\/a>\n\t\t\t<\/dt><\/dl>\n\t\t\t<br style='clear: both' \/>\n\t\t<\/div>\n\t\t<\/div>\n\t\t\t\t\t\t<\/div>\n\t\t\t\t<\/div>\n\t\t\t\t<div class=\"elementor-element elementor-element-9198d82 elementor-widget elementor-widget-spacer\" data-id=\"9198d82\" data-element_type=\"widget\" data-e-type=\"widget\" data-widget_type=\"spacer.default\">\n\t\t\t\t<div class=\"elementor-widget-container\">\n\t\t\t\t\t\t\t<div class=\"elementor-spacer\">\n\t\t\t<div class=\"elementor-spacer-inner\"><\/div>\n\t\t<\/div>\n\t\t\t\t\t\t<\/div>\n\t\t\t\t<\/div>\n\t\t\t\t\t<\/div>\n\t\t<\/div>\n\t\t\t\t\t<\/div>\n\t\t<\/section>\n\t\t\t\t<section class=\"elementor-section elementor-top-section elementor-element elementor-element-03939b5 edgtf-elementor-container-inner elementor-section-boxed elementor-section-height-default elementor-section-height-default edgtf-section edgtf-parallax-section-holder-touch-disabled edgtf-parallax-section-no\" data-id=\"03939b5\" data-element_type=\"section\" data-e-type=\"section\" data-settings=\"{&quot;background_background&quot;:&quot;classic&quot;,&quot;_ha_eqh_enable&quot;:false}\">\n\t\t\t\t\t\t<div class=\"elementor-container elementor-column-gap-default\">\n\t\t\t\t\t<div class=\"elementor-column elementor-col-33 elementor-top-column elementor-element elementor-element-4464259\" data-id=\"4464259\" data-element_type=\"column\" data-e-type=\"column\">\n\t\t\t<div class=\"elementor-widget-wrap\">\n\t\t\t\t\t\t\t<\/div>\n\t\t<\/div>\n\t\t\t\t<div class=\"elementor-column elementor-col-33 elementor-top-column elementor-element elementor-element-22f35f8\" data-id=\"22f35f8\" data-element_type=\"column\" data-e-type=\"column\">\n\t\t\t<div class=\"elementor-widget-wrap elementor-element-populated\">\n\t\t\t\t\t\t<div class=\"elementor-element elementor-element-3af3af0 ha-dual-button--layout-queue ha-dual-button--tablet-layout-queue ha-dual-button--mobile-layout-queue elementor-widget elementor-widget-ha-dual-button happy-addon ha-dual-button\" data-id=\"3af3af0\" data-element_type=\"widget\" data-e-type=\"widget\" data-widget_type=\"ha-dual-button.default\">\n\t\t\t\t<div class=\"elementor-widget-container\">\n\t\t\t\t\t        <div class=\"ha-dual-btn-wrapper\">\n            <a class=\"ha-dual-btn ha-dual-btn--left\" href=\"https:\/\/www.cjf.lu\/wp-content\/uploads\/2023\/02\/20230120_PlantingLangagesLivret_FR_short.pdf\">\n                                    <span class=\"ha-dual-btn-icon ha-dual-btn-icon--before\">\n                        <i class=\"fas fa-file-pdf\"><\/i>                    <\/span>\n                                                    <span >Brochure en fran\u00e7ais<\/span>\n                                            <\/a>\n                            <span class=\"ha-dual-btn-connector ha-dual-btn-connector--text\">\n                    \/                <\/span>\n                    <\/div>\n        <div class=\"ha-dual-btn-wrapper\">\n            <a class=\"ha-dual-btn ha-dual-btn--right\" href=\"https:\/\/www.cjf.lu\/wp-content\/uploads\/2023\/02\/20230120_PlantingLangagesLivret_EN_short.pdf\">\n                                                    <span >Pamphlet in english<\/span>\n                                                    <span class=\"ha-dual-btn-icon ha-dual-btn-icon--after\">\n                        <i class=\"fas fa-file-pdf\"><\/i>                    <\/span>\n                            <\/a>\n        <\/div>\n        \t\t\t\t<\/div>\n\t\t\t\t<\/div>\n\t\t\t\t\t<\/div>\n\t\t<\/div>\n\t\t\t\t<div class=\"elementor-column elementor-col-33 elementor-top-column elementor-element elementor-element-862eb08\" data-id=\"862eb08\" data-element_type=\"column\" data-e-type=\"column\">\n\t\t\t<div class=\"elementor-widget-wrap\">\n\t\t\t\t\t\t\t<\/div>\n\t\t<\/div>\n\t\t\t\t\t<\/div>\n\t\t<\/section>\n\t\t\t\t<\/div>\n\t\t","protected":false},"excerpt":{"rendered":"<p>Nous avons c\u00e9l\u00e9br\u00e9 la journ\u00e9e internationale de la langue maternelle le 21 F\u00e9vrier 2023 dans toutes nos structures de la petite enfance. Nous voulions profiter de ce moment, pour prendre conscience, reconnaitre et valoriser la diversit\u00e9 linguistique des enfants et de leurs familles. Nous nous sommes inspir\u00e9s du projet europ\u00e9en \u00ab\u00a0planting languages\u00a0\u00bb et avons ax\u00e9&#8230;<\/p>\n","protected":false},"author":3,"featured_media":0,"parent":0,"menu_order":0,"comment_status":"closed","ping_status":"closed","template":"full-width.php","meta":{"_monsterinsights_skip_tracking":false,"_monsterinsights_sitenote_active":false,"_monsterinsights_sitenote_note":"","_monsterinsights_sitenote_category":0,"footnotes":""},"class_list":["post-22818","page","type-page","status-publish","hentry"],"_links":{"self":[{"href":"https:\/\/www.cjf.lu\/index.php?rest_route=\/wp\/v2\/pages\/22818","targetHints":{"allow":["GET"]}}],"collection":[{"href":"https:\/\/www.cjf.lu\/index.php?rest_route=\/wp\/v2\/pages"}],"about":[{"href":"https:\/\/www.cjf.lu\/index.php?rest_route=\/wp\/v2\/types\/page"}],"author":[{"embeddable":true,"href":"https:\/\/www.cjf.lu\/index.php?rest_route=\/wp\/v2\/users\/3"}],"replies":[{"embeddable":true,"href":"https:\/\/www.cjf.lu\/index.php?rest_route=%2Fwp%2Fv2%2Fcomments&post=22818"}],"version-history":[{"count":19,"href":"https:\/\/www.cjf.lu\/index.php?rest_route=\/wp\/v2\/pages\/22818\/revisions"}],"predecessor-version":[{"id":23013,"href":"https:\/\/www.cjf.lu\/index.php?rest_route=\/wp\/v2\/pages\/22818\/revisions\/23013"}],"wp:attachment":[{"href":"https:\/\/www.cjf.lu\/index.php?rest_route=%2Fwp%2Fv2%2Fmedia&parent=22818"}],"curies":[{"name":"wp","href":"https:\/\/api.w.org\/{rel}","templated":true}]}}