{"id":22554,"date":"2023-02-22T08:14:06","date_gmt":"2023-02-22T08:14:06","guid":{"rendered":"https:\/\/www.cjf.lu\/?page_id=22554"},"modified":"2025-06-30T14:13:36","modified_gmt":"2025-06-30T14:13:36","slug":"statuts","status":"publish","type":"page","link":"https:\/\/www.cjf.lu\/?page_id=22554","title":{"rendered":"Statuts"},"content":{"rendered":"\t\t<div data-elementor-type=\"wp-page\" data-elementor-id=\"22554\" class=\"elementor elementor-22554\" data-elementor-settings=\"{&quot;ha_cmc_init_switcher&quot;:&quot;no&quot;}\">\n\t\t\t\t\t\t<section class=\"elementor-section elementor-top-section elementor-element elementor-element-dae6e1d elementor-section-boxed elementor-section-height-default elementor-section-height-default edgtf-elementor-container-no edgtf-section edgtf-parallax-section-holder-touch-disabled edgtf-parallax-section-no\" data-id=\"dae6e1d\" data-element_type=\"section\" data-e-type=\"section\" data-settings=\"{&quot;_ha_eqh_enable&quot;:false}\">\n\t\t\t\t\t\t<div class=\"elementor-container elementor-column-gap-default\">\n\t\t\t\t\t<div class=\"elementor-column elementor-col-100 elementor-top-column elementor-element elementor-element-4412a2c\" data-id=\"4412a2c\" data-element_type=\"column\" data-e-type=\"column\">\n\t\t\t<div class=\"elementor-widget-wrap elementor-element-populated\">\n\t\t\t\t\t\t<div class=\"elementor-element elementor-element-9391381 elementor-widget elementor-widget-wp-widget-rev-slider-widget\" data-id=\"9391381\" data-element_type=\"widget\" data-e-type=\"widget\" data-widget_type=\"wp-widget-rev-slider-widget.default\">\n\t\t\t\t<div class=\"elementor-widget-container\">\n\t\t\t\t\t\n\t\t\t<!-- START Statuts2025 REVOLUTION SLIDER 6.4.11 --><p class=\"rs-p-wp-fix\"><\/p>\n\t\t\t<rs-module-wrap id=\"rev_slider_95_1_wrapper\" data-source=\"gallery\" style=\"background:transparent;padding:0;\">\n\t\t\t\t<rs-module id=\"rev_slider_95_1\" style=\"\" data-version=\"6.4.11\">\n\t\t\t\t\t<rs-slides>\n\t\t\t\t\t\t<rs-slide data-key=\"rs-138\" data-title=\"Slide\" data-in=\"o:0;\" data-out=\"a:false;\">\n\t\t\t\t\t\t\t<img fetchpriority=\"high\" decoding=\"async\" src=\"\/\/www.cjf.lu\/wp-content\/uploads\/2025\/06\/SlideHistoire.jpg\" title=\"SlideHistoire\" width=\"1920\" height=\"1080\" class=\"rev-slidebg tp-rs-img\" data-parallax=\"8\" data-no-retina>\n<!--\n\t\t\t\t\t\t\t--><rs-layer\n\t\t\t\t\t\t\t\tid=\"slider-95-slide-138-layer-6\" \n\t\t\t\t\t\t\t\tdata-type=\"text\"\n\t\t\t\t\t\t\t\tdata-xy=\"x:l,l,c,l;xo:2px,96px,-30px,15px;y:m;yo:-34px,-14px,-154px,-119px;\"\n\t\t\t\t\t\t\t\tdata-text=\"w:normal;s:70,50,40,30;l:90,70,60,48;fw:700;a:inherit;\"\n\t\t\t\t\t\t\t\tdata-dim=\"w:414px,497px,449px,242px;h:auto,367px,242px,auto;\"\n\t\t\t\t\t\t\t\tdata-rsp_bd=\"off\"\n\t\t\t\t\t\t\t\tdata-frame_0=\"x:50px,50px,50px,44px;\"\n\t\t\t\t\t\t\t\tdata-frame_1=\"x:0,0,0,0px;y:0,0,0,0px;e:back.out;st:200;sp:500;sR:200;\"\n\t\t\t\t\t\t\t\tdata-frame_999=\"o:0;st:w;sR:3300;\"\n\t\t\t\t\t\t\t\tstyle=\"z-index:8;font-family:Merriweather;\"\n\t\t\t\t\t\t\t> <span style = 'color: #94c21a;'>Statuts<\/span> \n\t\t\t\t\t\t\t<\/rs-layer><!--\n-->\t\t\t\t\t\t<\/rs-slide>\n\t\t\t\t\t<\/rs-slides>\n\t\t\t\t<\/rs-module>\n\t\t\t\t<script type=\"text\/javascript\">\n\t\t\t\t\tsetREVStartSize({c: 'rev_slider_95_1',rl:[1240,1024,778,480],el:[700,600,800,500],gw:[1300,800,600,300],gh:[700,600,800,500],type:'standard',justify:'',layout:'fullscreen',offsetContainer:'.touch .edgtf-mobile-header',offset:'',mh:\"0\"});\n\t\t\t\t\tvar\trevapi95,\n\t\t\t\t\t\ttpj;\n\t\t\t\t\tfunction revinit_revslider951() {\n\t\t\t\t\tjQuery(function() {\n\t\t\t\t\t\ttpj = jQuery;\n\t\t\t\t\t\trevapi95 = tpj(\"#rev_slider_95_1\");\n\t\t\t\t\t\tif(revapi95==undefined || revapi95.revolution == undefined){\n\t\t\t\t\t\t\trevslider_showDoubleJqueryError(\"rev_slider_95_1\");\n\t\t\t\t\t\t}else{\n\t\t\t\t\t\t\trevapi95.revolution({\n\t\t\t\t\t\t\t\tDPR:\"dpr\",\n\t\t\t\t\t\t\t\tsliderLayout:\"fullscreen\",\n\t\t\t\t\t\t\t\tduration:4000,\n\t\t\t\t\t\t\t\tvisibilityLevels:\"1240,1024,778,480\",\n\t\t\t\t\t\t\t\tgridwidth:\"1300,800,600,300\",\n\t\t\t\t\t\t\t\tgridheight:\"700,600,800,500\",\n\t\t\t\t\t\t\t\tspinner:\"spinner2\",\n\t\t\t\t\t\t\t\tperspective:600,\n\t\t\t\t\t\t\t\tperspectiveType:\"local\",\n\t\t\t\t\t\t\t\teditorheight:\"700,600,800,500\",\n\t\t\t\t\t\t\t\tresponsiveLevels:\"1240,1024,778,480\",\n\t\t\t\t\t\t\t\tfullScreenOffsetContainer:\".touch .edgtf-mobile-header\",\n\t\t\t\t\t\t\t\tprogressBar:{disableProgressBar:true},\n\t\t\t\t\t\t\t\tnavigation: {\n\t\t\t\t\t\t\t\t\tonHoverStop:false\n\t\t\t\t\t\t\t\t},\n\t\t\t\t\t\t\t\tparallax: {\n\t\t\t\t\t\t\t\t\tlevels:[5,10,15,20,25,30,35,40,45,46,47,48,49,50,51,55],\n\t\t\t\t\t\t\t\t\ttype:\"mouse\"\n\t\t\t\t\t\t\t\t},\n\t\t\t\t\t\t\t\tfanim: {\n\t\t\t\t\t\t\t\t\tin:{\"o\":0},\n\t\t\t\t\t\t\t\t\tout:{\"a\":false},\n\t\t\t\t\t\t\t\t\tspeed:300\n\t\t\t\t\t\t\t\t},\n\t\t\t\t\t\t\t\tfallbacks: {\n\t\t\t\t\t\t\t\t\tallowHTML5AutoPlayOnAndroid:true\n\t\t\t\t\t\t\t\t},\n\t\t\t\t\t\t\t});\n\t\t\t\t\t\t}\n\t\t\t\t\t\t\n\t\t\t\t\t});\n\t\t\t\t\t} \/\/ End of RevInitScript\n\t\t\t\tvar once_revslider951 = false;\n\t\t\t\tif (document.readyState === \"loading\") {document.addEventListener('readystatechange',function() { if((document.readyState === \"interactive\" || document.readyState === \"complete\") && !once_revslider951 ) { once_revslider951 = true; revinit_revslider951();}});} else {once_revslider951 = true; revinit_revslider951();}\n\t\t\t\t<\/script>\n\t\t\t\t<script>\n\t\t\t\t\tvar htmlDivCss = unescape(\"%23rev_slider_95_1_wrapper%20rs-loader.spinner2%7B%20background-color%3A%20%23ffb422%20%21important%3B%20%7D\");\n\t\t\t\t\tvar htmlDiv = document.getElementById('rs-plugin-settings-inline-css');\n\t\t\t\t\tif(htmlDiv) {\n\t\t\t\t\t\thtmlDiv.innerHTML = htmlDiv.innerHTML + htmlDivCss;\n\t\t\t\t\t}else{\n\t\t\t\t\t\tvar htmlDiv = document.createElement('div');\n\t\t\t\t\t\thtmlDiv.innerHTML = '<style>' + htmlDivCss + '<\/style>';\n\t\t\t\t\t\tdocument.getElementsByTagName('head')[0].appendChild(htmlDiv.childNodes[0]);\n\t\t\t\t\t}\n\t\t\t\t<\/script>\n\t\t\t<\/rs-module-wrap>\n\t\t\t<!-- END REVOLUTION SLIDER -->\n\t\t\t\t<\/div>\n\t\t\t\t<\/div>\n\t\t\t\t\t<\/div>\n\t\t<\/div>\n\t\t\t\t\t<\/div>\n\t\t<\/section>\n\t\t\t\t<section class=\"elementor-section elementor-top-section elementor-element elementor-element-d7f59a9 edgtf-elementor-container-inner elementor-section-boxed elementor-section-height-default elementor-section-height-default edgtf-section edgtf-parallax-section-holder-touch-disabled edgtf-parallax-section-no\" data-id=\"d7f59a9\" data-element_type=\"section\" data-e-type=\"section\" data-settings=\"{&quot;background_background&quot;:&quot;classic&quot;,&quot;_ha_eqh_enable&quot;:false}\">\n\t\t\t\t\t\t<div class=\"elementor-container elementor-column-gap-default\">\n\t\t\t\t\t<div class=\"elementor-column elementor-col-100 elementor-top-column elementor-element elementor-element-435c06c\" data-id=\"435c06c\" data-element_type=\"column\" data-e-type=\"column\">\n\t\t\t<div class=\"elementor-widget-wrap elementor-element-populated\">\n\t\t\t\t\t\t<div class=\"elementor-element elementor-element-4105b99 elementor-widget elementor-widget-text-editor\" data-id=\"4105b99\" data-element_type=\"widget\" data-e-type=\"widget\" data-widget_type=\"text-editor.default\">\n\t\t\t\t<div class=\"elementor-widget-container\">\n\t\t\t\t\t\t\t\t\t<div class=\"wpb_text_column wpb_content_element \"><div class=\"wpb_wrapper\"><h2>CARITAS JEUNES ET FAMILLES <br \/>association sans but lucratif<\/h2><\/div><\/div>\t\t\t\t\t\t\t\t<\/div>\n\t\t\t\t<\/div>\n\t\t\t\t<div class=\"elementor-element elementor-element-886c039 elementor-widget elementor-widget-edgtf_separator\" data-id=\"886c039\" data-element_type=\"widget\" data-e-type=\"widget\" data-widget_type=\"edgtf_separator.default\">\n\t\t\t\t<div class=\"elementor-widget-container\">\n\t\t\t\t\t<div class=\"edgtf-separator-holder clearfix  edgtf-separator-left edgtf-separator-normal\">\n\t<div class=\"edgtf-separator\" style=\"width: 55px;border-bottom-width: 3px;margin-top: 25px;margin-bottom: 25px\"><\/div>\n<\/div>\n\t\t\t\t<\/div>\n\t\t\t\t<\/div>\n\t\t\t\t<div class=\"elementor-element elementor-element-593b625 elementor-widget elementor-widget-text-editor\" data-id=\"593b625\" data-element_type=\"widget\" data-e-type=\"widget\" data-widget_type=\"text-editor.default\">\n\t\t\t\t<div class=\"elementor-widget-container\">\n\t\t\t\t\t\t\t\t\t<h3>Chapitre 1 &#8211; DENOMINATION, SIEGE, DUREE<\/h3><p><strong>Article 1\u00a0:<\/strong><\/p><p>L&rsquo;association a la d\u00e9nomination \u00ab\u00a0Caritas &#8211; Jeunes et Familles A.s.b.l.\u00a0\u00bb<\/p><p><strong>Article 2\u00a0:<\/strong><br \/>Son si\u00e8ge est \u00e0 Luxembourg<\/p><p><strong>Article 3\u00a0:\u00a0<\/strong><br \/>La dur\u00e9e de l&rsquo;association est illimit\u00e9e.<\/p><h3>Chapitre 2\u00a0&#8211; OBJET<\/h3><p><strong>Article 4:<\/strong><br \/>L&rsquo;association a pour objectif la promotion d&rsquo;initiatives socio-\u00e9ducatives en faveur des jeunes et des familles. Elle d\u00e9veloppe des activit\u00e9s diverses dans le domaine de l&rsquo;animation, de la formation, de la consultation et de l&rsquo;assistance socio-familiale. Son action s&rsquo;oriente selon la vision chr\u00e9tienne de l&rsquo;homme et les valeurs de l&rsquo;\u00e9vangile. L&rsquo;association peut accomplir tout acte et toutes op\u00e9rations qui se rapportent directement ou indirectement \u00e0 son objet qui semble de nature \u00e0 le favoriser.<\/p><h3>Chapitre 3\u00a0&#8211; MEMBRES, CONDITIONS D&rsquo;ADMISSION, SORTIE<\/h3><p><strong>Article 5\u00a0:<\/strong><br \/>Le nombre des membres associ\u00e9s ne peut \u00eatre inf\u00e9rieur \u00e0 trois.<\/p><p><strong>Article 6\u00a0:<\/strong><br \/>L&rsquo;admission d&rsquo;un membre est prononc\u00e9e par l&rsquo;assembl\u00e9e g\u00e9n\u00e9rale \u00e0 la majorit\u00e9 des deux tiers des voix.<\/p><p><strong>Article 7\u00a0:<\/strong><br \/>La d\u00e9mission d&rsquo;un membre est r\u00e9gie par l&rsquo;article 12 de la loi du 21 avril 1928. L&rsquo;exclusion d&rsquo;un membre sera prononc\u00e9e par l&rsquo;assembl\u00e9e g\u00e9n\u00e9rale et \u00e0 la majorit\u00e9 des 2\/3 des voix, le membre ayant \u00e9t\u00e9 entendu en ses explications. Les contestations relatives \u00e0 l&rsquo;application de cette disposition sont arbitr\u00e9es par le conseil d&rsquo;administration statuant sans appel et avec dispense de suivre, dans la proc\u00e9dure, les formes et les d\u00e9lais pour les litiges priv\u00e9s.<\/p><p><strong>Article 8\u00a0:<\/strong><br \/>Le taux des cotisations est fix\u00e9 chaque ann\u00e9e par l&rsquo;assembl\u00e9e g\u00e9n\u00e9rale \u00e0 un montant maximum de 25\u20ac.<\/p><h3>Chapitre 4\u00a0&#8211; ADMINISTRATION<\/h3><p><strong>Article 9\u00a0:<\/strong><br \/>Le conseil d&rsquo;administration est l&rsquo;organe ex\u00e9cutif de l&rsquo;association. Il est d\u00e9sign\u00e9 par l&rsquo;assembl\u00e9e g\u00e9n\u00e9rale ordinaire et comprend trois membres au moins, qui ne peuvent \u00eatre pris parmi les membres associ\u00e9s. La dur\u00e9e du mandat des administrateurs est de 3 ans. Le conseil d&rsquo;administration \u00e9lit en son sein un pr\u00e9sident, un secr\u00e9taire, un tr\u00e9sorier et un vice-pr\u00e9sident. Le pr\u00e9sident du conseil d&rsquo;administration pr\u00e9sidera les r\u00e9unions des organes de l&rsquo;association. En son absence, les r\u00e9unions seront pr\u00e9sid\u00e9es par le vice-pr\u00e9sident.<\/p><p>En cas de vacance du mandat d&rsquo;un ou plusieurs administrateurs, le ou les membres restants gardent les m\u00eames pouvoirs que si le conseil \u00e9tait au complet, tant que l&rsquo;assembl\u00e9e ne l&rsquo;aura pas compl\u00e9t\u00e9. Les fonctions des administrateurs n&rsquo;expirent qu&rsquo;apr\u00e8s leur remplacement sauf leur r\u00e9\u00e9lection \u00e9ventuelle. Les administrateurs sortant sont r\u00e9\u00e9ligibles.<\/p><p><strong>Article 10\u00a0:<\/strong><br \/>Le conseil d&rsquo;administration g\u00e8re l&rsquo;association, ex\u00e9cute les d\u00e9cisions de l&rsquo;assembl\u00e9e g\u00e9n\u00e9rale, convoque et ordonne les assembl\u00e9es et les r\u00e9unions, fait rapport sur l&rsquo;activit\u00e9 de l&rsquo;association. Le conseil d&rsquo;administration est responsable de l&rsquo;\u00e9tablissement et de l&rsquo;ex\u00e9cution du programme d&rsquo;activit\u00e9 de l&rsquo;association qui aura \u00e9t\u00e9 approuv\u00e9 par l&rsquo;assembl\u00e9e g\u00e9n\u00e9rale. Le conseil d&rsquo;administration est nanti des pouvoirs les plus \u00e9tendus tant en ce qui concerne les actes d&rsquo;administration que les actes de disposition qui int\u00e9ressent l&rsquo;association. Le conseil d&rsquo;administration peut d\u00e9l\u00e9guer la gestion journali\u00e8re de l&rsquo;association \u00e0 un de ses membres et m\u00eame \u00e0 une tierce personne.<\/p><p><strong>Article 11\u00a0:<\/strong><br \/>Le conseil d&rsquo;administration a les pouvoirs les plus \u00e9tendus pour l&rsquo;administration et la gestion de l&rsquo;association. Tout ce qui n&rsquo;est pas r\u00e9serv\u00e9 \u00e0 l&rsquo;assembl\u00e9e g\u00e9n\u00e9rale par les statuts ou par la loi est de sa comp\u00e9tence. Il peut notamment acqu\u00e9rir, vendre, \u00e9changer, hypoth\u00e9quer les biens de l&rsquo;association, contracter des emprunts et accepter tous dons et legs, sous r\u00e9serve des autorisations pr\u00e9vues par la loi. Cette \u00e9num\u00e9ration est \u00e9nonciative et non limitative. Les actions judiciaires, tant en demandant qu&rsquo;en d\u00e9fendant, sont intent\u00e9es ou soutenues au nom de l&rsquo;association par le conseil d&rsquo;administration, dur les poursuites et diligences du pr\u00e9sident du conseil d&rsquo;administration ou d&rsquo;un administrateur \u00e0 ce d\u00e9l\u00e9gu\u00e9. A l&rsquo;\u00e9gard des tiers, l&rsquo;association est en toute circonstance valablement engag\u00e9e par les signatures conjointes d&rsquo;un administrateur, d&rsquo;un pr\u00e9sident ou d&rsquo;un vice-pr\u00e9sident.<\/p><p><strong>Article 12\u00a0:<\/strong><br \/>Le conseil d&rsquo;administration se r\u00e9unit sur convocation du pr\u00e9sident ou en cas d&#8217;emp\u00eachement de celui-ci de tout autre membre ou encore de son administrateur \u00e0 ce d\u00e9l\u00e9gu\u00e9, chaque fois que les int\u00e9r\u00eats de l&rsquo;association l&rsquo;exigent et chaque fois que deux administrateurs le demandent. Tout administrateur emp\u00each\u00e9 d&rsquo;assister \u00e0 la r\u00e9union peut donner procuration \u00e0 un autre membre, \u00e0 l&rsquo;effet de le repr\u00e9senter et de voter en ses lieu et place. Les d\u00e9cisions sont prises \u00e0 la majorit\u00e9 simple des administrateurs pr\u00e9sents ou repr\u00e9sent\u00e9s. En cas de partage des voix, celle du pr\u00e9sident ou de l&rsquo;administrateur qui le remplace est pr\u00e9pond\u00e9rant.<\/p><p><strong>Article 13\u00a0:<\/strong><br \/>Les fonctions des administrateurs sont b\u00e9n\u00e9voles.<\/p><p><strong>Article 14\u00a0:<\/strong><br \/>L&rsquo;assembl\u00e9e g\u00e9n\u00e9rale se compose de tous les membres associ\u00e9s \u00e0 l&rsquo;exclusion des membres honoraires. Les attributions obligatoires de l&rsquo;assembl\u00e9e g\u00e9n\u00e9rale comportent le droit\u00a0:<\/p><ul><li>de modifier les statuts et de prononcer la dissolution de l&rsquo;association, en ce conforment aux r\u00e8gles \u00e9tablies par la loi;<\/li><li>de nommer et de r\u00e9voquer les administrateurs;<\/li><li>de nommer et de r\u00e9voquer le ou les commissaires aux comptes;<\/li><li>d&rsquo;exercer tous les autres pouvoirs d\u00e9rivant de la loi et des statuts;<\/li><li>d&rsquo;approuver le rapport annuel du conseil d&rsquo;administration, les budgets et les comptes annuels;<\/li><li>d&rsquo;accorder d\u00e9charge au conseil d&rsquo;administration.<\/li><\/ul><p>L&rsquo;assembl\u00e9e g\u00e9n\u00e9rale est le pouvoir supr\u00eame de l&rsquo;association. Elle peut prendre toutes d\u00e9cisions d\u00e9passant les limites des pouvoirs l\u00e9galement ou statutairement d\u00e9volus au conseil d&rsquo;administration. Ses d\u00e9cisions sont prises \u00e0 la simple majorit\u00e9 des membres pr\u00e9sents, hors le cas ou il est autrement d\u00e9cid\u00e9 par les statuts ou la loi. En cas de partage des voix, celle du pr\u00e9sident ou de l&rsquo;administrateur qui le remplace est pr\u00e9pond\u00e9rant.<\/p><p>Tout membre emp\u00each\u00e9 d&rsquo;assister \u00e0 l&rsquo;assembl\u00e9e peut donner procuration \u00e0 un autre membre \u00e0 l&rsquo;effet de le repr\u00e9senter et de voter en ses lieu et place.<\/p><p><strong>Article 15\u00a0:\u00a0<\/strong><br \/>Il doit \u00eatre tenu au moins une assembl\u00e9e g\u00e9n\u00e9rale chaque ann\u00e9e dans le courant du premier semestre de l&rsquo;ann\u00e9e civile.<\/p><p>Une assembl\u00e9e extraordinaire peut \u00eatre convoqu\u00e9e \u00e0 tout moment par d\u00e9cision du conseil d&rsquo;administration. Celui-ci est oblig\u00e9 de la convoquer de mani\u00e8re \u00e0 ce qu&rsquo;elle soit tenue dans le mois \u00e0 la demande d&rsquo;un cinqui\u00e8me des membres au moins. Chaque r\u00e9union se tiendra au jour, heure et lieu mentionn\u00e9 dans la convocation.<\/p><p><strong>Article 16\u00a0:\u00a0<\/strong><\/p><p>L&rsquo;assembl\u00e9e g\u00e9n\u00e9rale est convoqu\u00e9e par le conseil d&rsquo;administration par lettre ordinaire adress\u00e9 \u00e0 chaque membre au moins quinze jours avant la date pr\u00e9vue. Elle est sign\u00e9e par le pr\u00e9sident ou l&rsquo;administrateur-d\u00e9l\u00e9gu\u00e9 au nom du conseil d&rsquo;administration. L&rsquo;ordre du jour est mentionn\u00e9 dans la convocation.<\/p><p><strong>Article 17\u00a0:<\/strong><br \/>Chaque membre a le droit d&rsquo;assister \u00e0 l&rsquo;assembl\u00e9e g\u00e9n\u00e9rale.<\/p><p>Il peut se faire repr\u00e9senter par un autre membre muni d&rsquo;une procuration \u00e9crite \u00e0 remettre au pr\u00e9sident de l&rsquo;assembl\u00e9e g\u00e9n\u00e9rale avant l&rsquo;ouverture de celle-ci. Aucun membre ne peut repr\u00e9senter plus d&rsquo;un membre.<\/p><p><strong>Article 18\u00a0:<\/strong><br \/>Les d\u00e9cisions de l&rsquo;assembl\u00e9e g\u00e9n\u00e9rale, avec indication du r\u00e9sultat de vote, sont consign\u00e9es dans un registre de proc\u00e8s-verbaux et sign\u00e9es par le pr\u00e9sident de l&rsquo;assembl\u00e9e, l&rsquo;administrateur-d\u00e9l\u00e9gu\u00e9 ou un membre du conseil d&rsquo;administration.<\/p><p>Ce registre est conserv\u00e9 au si\u00e8ge social ou tous les membres peuvent en prendre connaissance.<\/p><h3>Chapitre 5\u00a0&#8211; COTISATION, FONDS SOCIAUX, VERIFICATION DES COMPTES<\/h3><p><strong>Article 19\u00a0:<\/strong><br \/>Les fonds sociaux de l&rsquo;association sont g\u00e9r\u00e9s par le conseil d&rsquo;administration. L&rsquo;association dispose pour ses d\u00e9penses\u00a0:<\/p><ul><li>a) des cotisations des membres<\/li><li>b) des dons et des legs en sa faveur<\/li><li>c) de subsides et de subventions<\/li><li>d) de recettes diverses<\/li><\/ul><p><strong>Article 20\u00a0:<\/strong><br \/>L&rsquo;exercice social correspond \u00e0 l&rsquo;ann\u00e9e du calendrier.<\/p><p><strong>Article 21\u00a0:<\/strong><br \/>Avant d&rsquo;\u00eatre soumis \u00e0 l&rsquo;assembl\u00e9e g\u00e9n\u00e9rale, les comptes de l&rsquo;exercice \u00e9coul\u00e9 sont v\u00e9rifi\u00e9s par les commissaires aux comptes qui en feront rapport.<\/p><h3>Chapitre 6\u00a0&#8211; DISSOLUTION \/ LIQUIDATION<\/h3><p><strong>Article 22\u00a0:<\/strong><br \/>En cas de dissolution volontaire ou judiciaire de l&rsquo;association les biens de l&rsquo;association dissoute seront transmis \u00e0 l&rsquo;association F\u00e9d\u00e9ration Caritas asbl. Au cas o\u00f9, \u00e0 cette date, cette association n&rsquo;existerait plus, l&rsquo;actif sera vers\u00e9 \u00e0 une \u0153uvre de bienfaisance \u00e0 d\u00e9signer par l&rsquo;Assembl\u00e9e g\u00e9n\u00e9rale.<\/p><p><strong>Article 23\u00a0:<\/strong><br \/>L&rsquo;association peut \u00eatre dissoute dans les conditions fix\u00e9es par la loi.<\/p><h3>Chapitre 7\u00a0&#8211; DISPOSITION GENERALE<\/h3><p><strong>Article 24\u00a0:<\/strong><br \/>Pour tous les points non pr\u00e9vus par les statuts, la loi du 21 avril 1928 sur les associations sans but lucratif et les \u00e9tablissements d&rsquo;utilit\u00e9 publique et ses modifications s&rsquo;appliquent.<\/p><p>Les pr\u00e9sentes modifications sont accept\u00e9es \u00e0 l&rsquo;unanimit\u00e9.<\/p><p>L&rsquo;assembl\u00e9e g\u00e9n\u00e9rale d\u00e9cide de proc\u00e9der \u00e0 une refonte des statuts de l&rsquo;association pour les mettre en concordance avec les modifications d\u00e9cid\u00e9es ci-dessus.<\/p>\t\t\t\t\t\t\t\t<\/div>\n\t\t\t\t<\/div>\n\t\t\t\t<div class=\"elementor-element elementor-element-ca136a6 elementor-widget elementor-widget-spacer\" data-id=\"ca136a6\" data-element_type=\"widget\" data-e-type=\"widget\" data-widget_type=\"spacer.default\">\n\t\t\t\t<div class=\"elementor-widget-container\">\n\t\t\t\t\t\t\t<div class=\"elementor-spacer\">\n\t\t\t<div class=\"elementor-spacer-inner\"><\/div>\n\t\t<\/div>\n\t\t\t\t\t\t<\/div>\n\t\t\t\t<\/div>\n\t\t\t\t\t<\/div>\n\t\t<\/div>\n\t\t\t\t\t<\/div>\n\t\t<\/section>\n\t\t\t\t<\/div>\n\t\t","protected":false},"excerpt":{"rendered":"<p>CARITAS JEUNES ET FAMILLES association sans but lucratif Chapitre 1 &#8211; DENOMINATION, SIEGE, DUREE Article 1\u00a0: L&rsquo;association a la d\u00e9nomination \u00ab\u00a0Caritas &#8211; Jeunes et Familles A.s.b.l.\u00a0\u00bb Article 2\u00a0:Son si\u00e8ge est \u00e0 Luxembourg Article 3\u00a0:\u00a0La dur\u00e9e de l&rsquo;association est illimit\u00e9e. Chapitre 2\u00a0&#8211; OBJET Article 4:L&rsquo;association a pour objectif la promotion d&rsquo;initiatives socio-\u00e9ducatives en faveur des jeunes&#8230;<\/p>\n","protected":false},"author":3,"featured_media":0,"parent":0,"menu_order":0,"comment_status":"closed","ping_status":"closed","template":"full-width.php","meta":{"_monsterinsights_skip_tracking":false,"_monsterinsights_sitenote_active":false,"_monsterinsights_sitenote_note":"","_monsterinsights_sitenote_category":0,"footnotes":""},"class_list":["post-22554","page","type-page","status-publish","hentry"],"_links":{"self":[{"href":"https:\/\/www.cjf.lu\/index.php?rest_route=\/wp\/v2\/pages\/22554","targetHints":{"allow":["GET"]}}],"collection":[{"href":"https:\/\/www.cjf.lu\/index.php?rest_route=\/wp\/v2\/pages"}],"about":[{"href":"https:\/\/www.cjf.lu\/index.php?rest_route=\/wp\/v2\/types\/page"}],"author":[{"embeddable":true,"href":"https:\/\/www.cjf.lu\/index.php?rest_route=\/wp\/v2\/users\/3"}],"replies":[{"embeddable":true,"href":"https:\/\/www.cjf.lu\/index.php?rest_route=%2Fwp%2Fv2%2Fcomments&post=22554"}],"version-history":[{"count":10,"href":"https:\/\/www.cjf.lu\/index.php?rest_route=\/wp\/v2\/pages\/22554\/revisions"}],"predecessor-version":[{"id":26643,"href":"https:\/\/www.cjf.lu\/index.php?rest_route=\/wp\/v2\/pages\/22554\/revisions\/26643"}],"wp:attachment":[{"href":"https:\/\/www.cjf.lu\/index.php?rest_route=%2Fwp%2Fv2%2Fmedia&parent=22554"}],"curies":[{"name":"wp","href":"https:\/\/api.w.org\/{rel}","templated":true}]}}