{"id":22341,"date":"2023-02-20T19:13:42","date_gmt":"2023-02-20T19:13:42","guid":{"rendered":"https:\/\/www.cjf.lu\/?page_id=22341"},"modified":"2023-11-13T15:18:09","modified_gmt":"2023-11-13T15:18:09","slug":"faq-2","status":"publish","type":"page","link":"https:\/\/www.cjf.lu\/?page_id=22341","title":{"rendered":"FAQ"},"content":{"rendered":"\t\t<div data-elementor-type=\"wp-page\" data-elementor-id=\"22341\" class=\"elementor elementor-22341\" data-elementor-settings=\"{&quot;ha_cmc_init_switcher&quot;:&quot;no&quot;}\">\n\t\t\t\t\t\t<section class=\"elementor-section elementor-top-section elementor-element elementor-element-dae6e1d elementor-section-boxed elementor-section-height-default elementor-section-height-default edgtf-elementor-container-no edgtf-section edgtf-parallax-section-holder-touch-disabled edgtf-parallax-section-no\" data-id=\"dae6e1d\" data-element_type=\"section\" data-e-type=\"section\" data-settings=\"{&quot;_ha_eqh_enable&quot;:false}\">\n\t\t\t\t\t\t<div class=\"elementor-container elementor-column-gap-default\">\n\t\t\t\t\t<div class=\"elementor-column elementor-col-100 elementor-top-column elementor-element elementor-element-4412a2c\" data-id=\"4412a2c\" data-element_type=\"column\" data-e-type=\"column\">\n\t\t\t<div class=\"elementor-widget-wrap elementor-element-populated\">\n\t\t\t\t\t\t<div class=\"elementor-element elementor-element-9391381 elementor-widget elementor-widget-wp-widget-rev-slider-widget\" data-id=\"9391381\" data-element_type=\"widget\" data-e-type=\"widget\" data-widget_type=\"wp-widget-rev-slider-widget.default\">\n\t\t\t\t<div class=\"elementor-widget-container\">\n\t\t\t\t\t\n\t\t\t<!-- START FAQ REVOLUTION SLIDER 6.4.11 --><p class=\"rs-p-wp-fix\"><\/p>\n\t\t\t<rs-module-wrap id=\"rev_slider_55_1_wrapper\" data-source=\"gallery\" style=\"background:transparent;padding:0;\">\n\t\t\t\t<rs-module id=\"rev_slider_55_1\" style=\"\" data-version=\"6.4.11\">\n\t\t\t\t\t<rs-slides>\n\t\t\t\t\t\t<rs-slide data-key=\"rs-68\" data-title=\"Slide\" data-in=\"o:0;\" data-out=\"a:false;\">\n\t\t\t\t\t\t\t<img fetchpriority=\"high\" decoding=\"async\" src=\"\/\/www.cjf.lu\/wp-content\/uploads\/2023\/02\/Entete-10.jpg\" title=\"Entete\" width=\"1920\" height=\"1100\" class=\"rev-slidebg tp-rs-img\" data-parallax=\"8\" data-no-retina>\n<!--\n\t\t\t\t\t\t\t--><rs-layer\n\t\t\t\t\t\t\t\tid=\"slider-55-slide-68-layer-6\" \n\t\t\t\t\t\t\t\tdata-type=\"text\"\n\t\t\t\t\t\t\t\tdata-xy=\"x:l,l,c,l;xo:1px,-70px,-42px,0;y:m;yo:-34px,-46px,-320px,-86px;\"\n\t\t\t\t\t\t\t\tdata-text=\"w:normal;s:70,50,40,35;l:90,70,60,55;fw:700;a:inherit;\"\n\t\t\t\t\t\t\t\tdata-dim=\"w:708px,497px,449px,278px;h:364px,367px,242px,auto;\"\n\t\t\t\t\t\t\t\tdata-rsp_bd=\"off\"\n\t\t\t\t\t\t\t\tdata-frame_0=\"x:50px;\"\n\t\t\t\t\t\t\t\tdata-frame_1=\"e:back.out;st:200;sp:500;sR:200;\"\n\t\t\t\t\t\t\t\tdata-frame_999=\"o:0;st:w;sR:3300;\"\n\t\t\t\t\t\t\t\tstyle=\"z-index:5;font-family:Merriweather;\"\n\t\t\t\t\t\t\t> <span style = 'color: #95C11F;'>FAQ<\/span> \n\t\t\t\t\t\t\t<\/rs-layer><!--\n-->\t\t\t\t\t\t<\/rs-slide>\n\t\t\t\t\t<\/rs-slides>\n\t\t\t\t<\/rs-module>\n\t\t\t\t<script type=\"text\/javascript\">\n\t\t\t\t\tsetREVStartSize({c: 'rev_slider_55_1',rl:[1240,1024,778,480],el:[700,600,800,500],gw:[1300,800,600,300],gh:[700,600,800,500],type:'standard',justify:'',layout:'fullscreen',offsetContainer:'.touch .edgtf-mobile-header',offset:'',mh:\"0\"});\n\t\t\t\t\tvar\trevapi55,\n\t\t\t\t\t\ttpj;\n\t\t\t\t\tfunction revinit_revslider551() {\n\t\t\t\t\tjQuery(function() {\n\t\t\t\t\t\ttpj = jQuery;\n\t\t\t\t\t\trevapi55 = tpj(\"#rev_slider_55_1\");\n\t\t\t\t\t\tif(revapi55==undefined || revapi55.revolution == undefined){\n\t\t\t\t\t\t\trevslider_showDoubleJqueryError(\"rev_slider_55_1\");\n\t\t\t\t\t\t}else{\n\t\t\t\t\t\t\trevapi55.revolution({\n\t\t\t\t\t\t\t\tDPR:\"dpr\",\n\t\t\t\t\t\t\t\tsliderLayout:\"fullscreen\",\n\t\t\t\t\t\t\t\tduration:4000,\n\t\t\t\t\t\t\t\tvisibilityLevels:\"1240,1024,778,480\",\n\t\t\t\t\t\t\t\tgridwidth:\"1300,800,600,300\",\n\t\t\t\t\t\t\t\tgridheight:\"700,600,800,500\",\n\t\t\t\t\t\t\t\tspinner:\"spinner2\",\n\t\t\t\t\t\t\t\tperspective:600,\n\t\t\t\t\t\t\t\tperspectiveType:\"local\",\n\t\t\t\t\t\t\t\teditorheight:\"700,600,800,500\",\n\t\t\t\t\t\t\t\tresponsiveLevels:\"1240,1024,778,480\",\n\t\t\t\t\t\t\t\tfullScreenOffsetContainer:\".touch .edgtf-mobile-header\",\n\t\t\t\t\t\t\t\tprogressBar:{disableProgressBar:true},\n\t\t\t\t\t\t\t\tnavigation: {\n\t\t\t\t\t\t\t\t\tonHoverStop:false\n\t\t\t\t\t\t\t\t},\n\t\t\t\t\t\t\t\tparallax: {\n\t\t\t\t\t\t\t\t\tlevels:[5,10,15,20,25,30,35,40,45,46,47,48,49,50,51,55],\n\t\t\t\t\t\t\t\t\ttype:\"mouse\"\n\t\t\t\t\t\t\t\t},\n\t\t\t\t\t\t\t\tfanim: {\n\t\t\t\t\t\t\t\t\tin:{\"o\":0},\n\t\t\t\t\t\t\t\t\tout:{\"a\":false},\n\t\t\t\t\t\t\t\t\tspeed:300\n\t\t\t\t\t\t\t\t},\n\t\t\t\t\t\t\t\tfallbacks: {\n\t\t\t\t\t\t\t\t\tallowHTML5AutoPlayOnAndroid:true\n\t\t\t\t\t\t\t\t},\n\t\t\t\t\t\t\t});\n\t\t\t\t\t\t}\n\t\t\t\t\t\t\n\t\t\t\t\t});\n\t\t\t\t\t} \/\/ End of RevInitScript\n\t\t\t\tvar once_revslider551 = false;\n\t\t\t\tif (document.readyState === \"loading\") {document.addEventListener('readystatechange',function() { if((document.readyState === \"interactive\" || document.readyState === \"complete\") && !once_revslider551 ) { once_revslider551 = true; revinit_revslider551();}});} else {once_revslider551 = true; revinit_revslider551();}\n\t\t\t\t<\/script>\n\t\t\t\t<script>\n\t\t\t\t\tvar htmlDivCss = unescape(\"%23rev_slider_55_1_wrapper%20rs-loader.spinner2%7B%20background-color%3A%20%23ffb422%20%21important%3B%20%7D\");\n\t\t\t\t\tvar htmlDiv = document.getElementById('rs-plugin-settings-inline-css');\n\t\t\t\t\tif(htmlDiv) {\n\t\t\t\t\t\thtmlDiv.innerHTML = htmlDiv.innerHTML + htmlDivCss;\n\t\t\t\t\t}else{\n\t\t\t\t\t\tvar htmlDiv = document.createElement('div');\n\t\t\t\t\t\thtmlDiv.innerHTML = '<style>' + htmlDivCss + '<\/style>';\n\t\t\t\t\t\tdocument.getElementsByTagName('head')[0].appendChild(htmlDiv.childNodes[0]);\n\t\t\t\t\t}\n\t\t\t\t<\/script>\n\t\t\t<\/rs-module-wrap>\n\t\t\t<!-- END REVOLUTION SLIDER -->\n\t\t\t\t<\/div>\n\t\t\t\t<\/div>\n\t\t\t\t\t<\/div>\n\t\t<\/div>\n\t\t\t\t\t<\/div>\n\t\t<\/section>\n\t\t\t\t<section class=\"elementor-section elementor-top-section elementor-element elementor-element-3595282 edgtf-elementor-container-inner elementor-section-boxed elementor-section-height-default elementor-section-height-default edgtf-section edgtf-parallax-section-holder-touch-disabled edgtf-parallax-section-no\" data-id=\"3595282\" data-element_type=\"section\" data-e-type=\"section\" data-settings=\"{&quot;background_background&quot;:&quot;classic&quot;,&quot;_ha_eqh_enable&quot;:false}\">\n\t\t\t\t\t\t<div class=\"elementor-container elementor-column-gap-default\">\n\t\t\t\t\t<div class=\"elementor-column elementor-col-50 elementor-top-column elementor-element elementor-element-22068d2\" data-id=\"22068d2\" data-element_type=\"column\" data-e-type=\"column\">\n\t\t\t<div class=\"elementor-widget-wrap elementor-element-populated\">\n\t\t\t\t\t\t<div class=\"elementor-element elementor-element-08c6c1b elementor-widget elementor-widget-edgtf_accordion\" data-id=\"08c6c1b\" data-element_type=\"widget\" data-e-type=\"widget\" data-widget_type=\"edgtf_accordion.default\">\n\t\t\t\t<div class=\"elementor-widget-container\">\n\t\t\t\t\t\n        <div class=\"edgtf-accordion-holder clearfix edgtf-accordion edgtf-initial \">\n\t\t\t<h4 class=\"clearfix edgtf-title-holder\">\n\t<span class=\"edgtf-accordion-mark edgtf-left-mark\">\n\t\t<span class=\"edgtf-accordion-mark-icon\">\n\t\t\t<span class=\"icon_plus\"><\/span>\n\t\t\t<span class=\"icon_minus-06\"><\/span>\n\t\t<\/span>\n\t<\/span>\n\t<span class=\"edgtf-tab-title\">\n\t\t<span class=\"edgtf-tab-title-inner\">\n\t\t\tQu&#039;est-ce qu&#039;une Maison Relais ?\t\t<\/span>\n\t<\/span>\n<\/h4>\n<div id=\"\" class=\"edgtf-accordion-content\">\n\t<div class=\"edgtf-accordion-content-inner\">\n\t\t<p>Une Maison Relais est une structure qui accueille les enfants de 4 \u00e0 12 ans \u00a0en dehors des heures de classe. L'accueil se fait avant l'\u00e9cole, sur les temps de midi et les apr\u00e8s-midi.\u00a0Les \u00e9quipes qui encadrent les enfants au quotidien sont des \u00e9quipes p\u00e9dagogiques pluridisciplinaires, qui proposent un environnement s\u00e9cure et propice \u00e0 l\u2019apprentissage. Elles contribuent \u00e0 l\u2019\u00e9panouissement des enfants en proposant un accompagnement p\u00e9dagogique bas\u00e9 sur l\u2019exp\u00e9rimentation, la d\u00e9couverte, le jeu, le jeu libre, et la participation. Les droits de l\u2019enfant sont inscrits dans la vie et toutes les initiatives et les projets de nos Maison Relais.<\/p><p><a href=\"https:\/\/men.public.lu\/fr\/enfance\/03-developpement.html - https:\/\/men.public.lu\/fr\/enfance\/01-structure-accueil.html\" data-wplink-url-error=\"true\">Plus d'infos<\/a><\/p>\t<\/div>\n<\/div><h4 class=\"clearfix edgtf-title-holder\">\n\t<span class=\"edgtf-accordion-mark edgtf-left-mark\">\n\t\t<span class=\"edgtf-accordion-mark-icon\">\n\t\t\t<span class=\"icon_plus\"><\/span>\n\t\t\t<span class=\"icon_minus-06\"><\/span>\n\t\t<\/span>\n\t<\/span>\n\t<span class=\"edgtf-tab-title\">\n\t\t<span class=\"edgtf-tab-title-inner\">\n\t\t\tQu&#039;est-ce qu&#039;une Cr\u00e8che ?\t\t<\/span>\n\t<\/span>\n<\/h4>\n<div id=\"\" class=\"edgtf-accordion-content\">\n\t<div class=\"edgtf-accordion-content-inner\">\n\t\t<p>Une Cr\u00e8che est une structure qui accueille les enfants non scolaris\u00e9s de 3 mois \u00e0 4 ans \u00a0en dehors des heures de classe. Les \u00e9quipes qui encadrent les enfants au quotidien sont des \u00e9quipes p\u00e9dagogiques pluridisciplinaires, qui proposent un environnement s\u00e9cure et propice \u00e0 l\u2019apprentissage. Elles contribuent \u00e0 l\u2019\u00e9panouissement des enfants en proposant un accompagnement p\u00e9dagogique bas\u00e9 sur l\u2019exp\u00e9rimentation, la d\u00e9couverte, le jeu, le jeu libre, et la participation. Les droits de l\u2019enfant sont inscrits dans la vie et toutes les initiatives et les projets de nos Maison Relais.<\/p><p>La p\u00e9dagogie employ\u00e9e au sein de nos cr\u00e8ches pour les enfants de 3 mois \u00e0 2 ans s'inspire de la p\u00e9dagogie Pikler. La p\u00e9dagogie Pikler consid\u00e8re que le d\u00e9veloppement est propre \u00e0 chaque enfant, qu\u2019il a un besoin permanent d\u2019apprendre, de se d\u00e9velopper et qu'il ou elle \u00e9volue \u00e0 son propre rythme.<\/p><p>Plus d'infos<\/p>\t<\/div>\n<\/div><h4 class=\"clearfix edgtf-title-holder\">\n\t<span class=\"edgtf-accordion-mark edgtf-left-mark\">\n\t\t<span class=\"edgtf-accordion-mark-icon\">\n\t\t\t<span class=\"icon_plus\"><\/span>\n\t\t\t<span class=\"icon_minus-06\"><\/span>\n\t\t<\/span>\n\t<\/span>\n\t<span class=\"edgtf-tab-title\">\n\t\t<span class=\"edgtf-tab-title-inner\">\n\t\t\tQu&#039;est-ce qu&#039;une Maison de Jeunes ?\t\t<\/span>\n\t<\/span>\n<\/h4>\n<div id=\"\" class=\"edgtf-accordion-content\">\n\t<div class=\"edgtf-accordion-content-inner\">\n\t\t<p>C'est une maison avec les portes ouvertes accueillant les jeunes de 12 \u00e0 30 ans. \"Avoir les portes ouvertes\" veut dire que les jeunes peuvent entrer et sortir comme ils le souhaitent, ce durant les heures d'ouvertures et en pr\u00e9sence de l'\u00e9quipe p\u00e9dagogique. La Maison de Jeunes offre un cadre prot\u00e9g\u00e9 permettant aux jeunes de s'exprimer librement tout en respectant les r\u00e8gles de la maison et la communaut\u00e9 de jeunes qui y passe du temps.\u00a0C'est un lieu inclusif, c\u2019est-\u00e0-dire nos portes sont ouvertes \u00e0 toutes les cultures, toutes les langues et toutes les classes sociales. Les \u00e9quipes proposent des activit\u00e9s qui permet aux jeunes qui le souhaitent de faire de nouvelles d\u00e9couvertes, d\u00e9velopper leurs potentiels et cr\u00e9er de nouvelles connexions.<\/p><p>Nous avons 3 Maisons de Jeunes, nous vous invitons \u00e0 venir les d\u00e9couvrir ici:<\/p><ul><li><a href=\"https:\/\/www.cjf.lu\/?page_id=19550\">Am Quartier (Quartier Gare)<\/a><\/li><li><a href=\"https:\/\/www.cjf.lu\/?page_id=22124\">Woodstock (Walferdange)<\/a><\/li><li>Service Jeunesse Lenneng (Canach)<\/li><\/ul>\t<\/div>\n<\/div><h4 class=\"clearfix edgtf-title-holder\">\n\t<span class=\"edgtf-accordion-mark edgtf-left-mark\">\n\t\t<span class=\"edgtf-accordion-mark-icon\">\n\t\t\t<span class=\"icon_plus\"><\/span>\n\t\t\t<span class=\"icon_minus-06\"><\/span>\n\t\t<\/span>\n\t<\/span>\n\t<span class=\"edgtf-tab-title\">\n\t\t<span class=\"edgtf-tab-title-inner\">\n\t\t\tQu&#039;est-ce que l&#039;\u00e9ducation non-formelle ?\t\t<\/span>\n\t<\/span>\n<\/h4>\n<div id=\"\" class=\"edgtf-accordion-content\">\n\t<div class=\"edgtf-accordion-content-inner\">\n\t\t<p>L'\u00e9ducation non-formelle se caract\u00e9rise entre autres, par la base volontaire, la participation et l'exploration des enfants. Les int\u00e9r\u00eats et les besoins des enfants sont au centre. Les p\u00e9dagogues accompagnent les enfants dans l'acquisition des comp\u00e9tences.<br \/><img decoding=\"async\" class=\"alignnone size-medium wp-image-22615\" src=\"https:\/\/www.cjf.lu\/wp-content\/uploads\/2023\/02\/faq-300x300.jpg\" alt=\"\" width=\"300\" height=\"300\" srcset=\"https:\/\/www.cjf.lu\/wp-content\/uploads\/2023\/02\/faq-300x300.jpg 300w, https:\/\/www.cjf.lu\/wp-content\/uploads\/2023\/02\/faq-150x150.jpg 150w, https:\/\/www.cjf.lu\/wp-content\/uploads\/2023\/02\/faq.jpg 500w\" sizes=\"(max-width: 300px) 100vw, 300px\" \/><\/p>\t<\/div>\n<\/div><h4 class=\"clearfix edgtf-title-holder\">\n\t<span class=\"edgtf-accordion-mark edgtf-left-mark\">\n\t\t<span class=\"edgtf-accordion-mark-icon\">\n\t\t\t<span class=\"icon_plus\"><\/span>\n\t\t\t<span class=\"icon_minus-06\"><\/span>\n\t\t<\/span>\n\t<\/span>\n\t<span class=\"edgtf-tab-title\">\n\t\t<span class=\"edgtf-tab-title-inner\">\n\t\t\tQu&#039;est-ce que les Droits de l&#039;Enfant?\t\t<\/span>\n\t<\/span>\n<\/h4>\n<div id=\"\" class=\"edgtf-accordion-content\">\n\t<div class=\"edgtf-accordion-content-inner\">\n\t\t<ul><li>Ce sont des r\u00e8ges qui concernent tous les enfants du monde. C\u2019est-\u00e0-dire tous les \u00eatres humains de la naissance jusqu\u2019\u00e0 18 ans.<\/li><li>Ces r\u00e8gles sont \u00e9crites dans la Convention Internationale des Droits de l\u2019Enfant.<\/li><li>Ce texte a \u00e9t\u00e9 ratifi\u00e9 en 1989 par l\u2019Organisation des Nations Unis (ONU).<\/li><li>Ce texte a \u00e9t\u00e9 sign\u00e9 par 193 pays.<\/li><\/ul><p>Nous vous invitons \u00e0 visiter la page de notre <a href=\"https:\/\/www.cjf.lu\/?page_id=24632\">Charg\u00e9 des Droits de l'Enfant<\/a> pour en savoir plus.<\/p>\t<\/div>\n<\/div><h4 class=\"clearfix edgtf-title-holder\">\n\t<span class=\"edgtf-accordion-mark edgtf-left-mark\">\n\t\t<span class=\"edgtf-accordion-mark-icon\">\n\t\t\t<span class=\"icon_plus\"><\/span>\n\t\t\t<span class=\"icon_minus-06\"><\/span>\n\t\t<\/span>\n\t<\/span>\n\t<span class=\"edgtf-tab-title\">\n\t\t<span class=\"edgtf-tab-title-inner\">\n\t\t\tPourquoi les enfants ont des droits particuliers?\t\t<\/span>\n\t<\/span>\n<\/h4>\n<div id=\"\" class=\"edgtf-accordion-content\">\n\t<div class=\"edgtf-accordion-content-inner\">\n\t\t<p>Les enfants sont des \u00eatres humains avec une grande diff\u00e9rence\u00a0: ils sont en train de grandir\u00a0! Ils ont des besoins sp\u00e9cifiques et doivent \u00eatre prot\u00e9g\u00e9s, pour bien grandir. Ils ne sont pas encore autonomes car ils ont besoin que les adultes qui les entourent r\u00e9pondent \u00e0 leurs besoins et les prot\u00e8gent.<\/p><p>Nous vous invitons \u00e0 visiter la page de notre <a href=\"https:\/\/www.cjf.lu\/?page_id=24632\">Charg\u00e9 des Droits de l'Enfant<\/a> pour en savoir plus.<\/p>\t<\/div>\n<\/div>\t\t<\/div>\n\t\t\t\t\t\t<\/div>\n\t\t\t\t<\/div>\n\t\t\t\t<div class=\"elementor-element elementor-element-fdc57ce elementor-widget elementor-widget-edgtf_separator\" data-id=\"fdc57ce\" data-element_type=\"widget\" data-e-type=\"widget\" data-widget_type=\"edgtf_separator.default\">\n\t\t\t\t<div class=\"elementor-widget-container\">\n\t\t\t\t\t<div class=\"edgtf-separator-holder clearfix  edgtf-separator-left edgtf-separator-normal\">\n\t<div class=\"edgtf-separator\" style=\"width: 55px;border-bottom-width: 3px;margin-top: 25px;margin-bottom: 25px\"><\/div>\n<\/div>\n\t\t\t\t<\/div>\n\t\t\t\t<\/div>\n\t\t\t\t<div class=\"elementor-element elementor-element-9198d82 elementor-widget elementor-widget-spacer\" data-id=\"9198d82\" data-element_type=\"widget\" data-e-type=\"widget\" data-widget_type=\"spacer.default\">\n\t\t\t\t<div class=\"elementor-widget-container\">\n\t\t\t\t\t\t\t<div class=\"elementor-spacer\">\n\t\t\t<div class=\"elementor-spacer-inner\"><\/div>\n\t\t<\/div>\n\t\t\t\t\t\t<\/div>\n\t\t\t\t<\/div>\n\t\t\t\t\t<\/div>\n\t\t<\/div>\n\t\t\t\t<div class=\"elementor-column elementor-col-50 elementor-top-column elementor-element elementor-element-d8c5175\" data-id=\"d8c5175\" data-element_type=\"column\" data-e-type=\"column\">\n\t\t\t<div class=\"elementor-widget-wrap\">\n\t\t\t\t\t\t\t<\/div>\n\t\t<\/div>\n\t\t\t\t\t<\/div>\n\t\t<\/section>\n\t\t\t\t<\/div>\n\t\t","protected":false},"excerpt":{"rendered":"<p>Qu&#039;est-ce qu&#039;une Maison Relais ? Une Maison Relais est une structure qui accueille les enfants de 4 \u00e0 12 ans \u00a0en dehors des heures de classe. L&rsquo;accueil se fait avant l&rsquo;\u00e9cole, sur les temps de midi et les apr\u00e8s-midi.\u00a0Les \u00e9quipes qui encadrent les enfants au quotidien sont des \u00e9quipes p\u00e9dagogiques pluridisciplinaires, qui proposent un environnement&#8230;<\/p>\n","protected":false},"author":3,"featured_media":0,"parent":0,"menu_order":0,"comment_status":"closed","ping_status":"closed","template":"full-width.php","meta":{"_monsterinsights_skip_tracking":false,"_monsterinsights_sitenote_active":false,"_monsterinsights_sitenote_note":"","_monsterinsights_sitenote_category":0,"footnotes":""},"class_list":["post-22341","page","type-page","status-publish","hentry"],"_links":{"self":[{"href":"https:\/\/www.cjf.lu\/index.php?rest_route=\/wp\/v2\/pages\/22341","targetHints":{"allow":["GET"]}}],"collection":[{"href":"https:\/\/www.cjf.lu\/index.php?rest_route=\/wp\/v2\/pages"}],"about":[{"href":"https:\/\/www.cjf.lu\/index.php?rest_route=\/wp\/v2\/types\/page"}],"author":[{"embeddable":true,"href":"https:\/\/www.cjf.lu\/index.php?rest_route=\/wp\/v2\/users\/3"}],"replies":[{"embeddable":true,"href":"https:\/\/www.cjf.lu\/index.php?rest_route=%2Fwp%2Fv2%2Fcomments&post=22341"}],"version-history":[{"count":35,"href":"https:\/\/www.cjf.lu\/index.php?rest_route=\/wp\/v2\/pages\/22341\/revisions"}],"predecessor-version":[{"id":26821,"href":"https:\/\/www.cjf.lu\/index.php?rest_route=\/wp\/v2\/pages\/22341\/revisions\/26821"}],"wp:attachment":[{"href":"https:\/\/www.cjf.lu\/index.php?rest_route=%2Fwp%2Fv2%2Fmedia&parent=22341"}],"curies":[{"name":"wp","href":"https:\/\/api.w.org\/{rel}","templated":true}]}}